{"id":1002,"date":"2016-03-26T02:30:56","date_gmt":"2016-03-26T00:30:56","guid":{"rendered":"http:\/\/tempelherrenorden.de\/cms\/?page_id=1002"},"modified":"2019-09-29T20:26:18","modified_gmt":"2019-09-29T18:26:18","slug":"impressum","status":"publish","type":"page","link":"https:\/\/tempelherrenorden.de\/cms\/impressum\/","title":{"rendered":"Impressum"},"content":{"rendered":"\n<h2 class=\"wp-block-heading\" style=\"text-align:center\"><em><strong>Angaben nach \u00a7 5 TMG:<\/strong><\/em><\/h2>\n\n\n\n<h3 class=\"wp-block-heading\" style=\"text-align:center\">Herausgeber; verantw. i.S.d.P.:<\/h3>\n\n\n\n<p class=\"wp-block-paragraph\" style=\"text-align:center\"><strong>Deutscher Tempelherren-Orden OMCT e.V.<\/strong><\/p>\n\n\n\n<p class=\"wp-block-paragraph\" style=\"text-align:center\"><em>Eintragung im Vereinsregister:<\/em><br \/>Registergericht: Amtsgericht N\u00fcrnberg<br \/>Registernummer: 682<\/p>\n\n\n\n<h3 class=\"wp-block-heading\" style=\"text-align:center\">Kontakt:<\/h3>\n\n\n\n<p class=\"wp-block-paragraph\" style=\"text-align:center\"><strong><a href=\"mailto:info@tempelherrenorden.de\">info@tempelherrenorden.de<\/a><\/strong><\/p>\n\n\n\n<p class=\"wp-block-paragraph\" style=\"text-align:center\"><em>Vertreten durch:<\/em><br \/>Ordensmeister (Vertretungsberechtigtes Vorstandsmitglied):<br \/>Thomas Henning<br \/>Alt Vinnhorst 77B<br \/>30419 Hannover<br \/><strong><a href=\"mailto:Ordensmeister@tempelherrenorden.de\">Ordensmeister@tempelherrenorden.de<\/a><\/strong><br \/>Tel: 0173\/2532053<\/p>\n\n\n\n<p class=\"wp-block-paragraph\" style=\"text-align:center\"><em>Verantwortlich f\u00fcr den Inhalt (Webmaster):<\/em><br \/>Ordensschatzmeister (Vertretungsberechtigtes Vorstandsmitglied):<br \/>Cornelius Henning<br \/>Liebigstra\u00dfe 2<br \/>31135 Hildesheim<br \/><strong><a href=\"mailto:Ordensschatzmeister@tempelherrenorden.de\">Ordensschatzmeister@tempelherrenorden.de<\/a><\/strong><br \/>Tel: 05121\/7413140<\/p>\n\n\n\n<p class=\"wp-block-paragraph\" style=\"text-align:center\"><em>Zust\u00e4ndiges Finanzamt:<\/em><br \/>Hannover-Nord,<br \/>Steuernummer: 25<strong>\/<\/strong>206<strong>\/<\/strong>00254<\/p>\n\n\n\n<p class=\"wp-block-paragraph\" style=\"text-align:center\">&#8211;&nbsp;&nbsp;nachstehend als &#8222;DTHO&#8220; bezeichnet&nbsp;&nbsp;&#8211;<\/p>\n\n\n\n<h2 class=\"wp-block-heading\" style=\"text-align:center\"><strong>Haftung:<\/strong><\/h2>\n\n\n\n<h3 class=\"wp-block-heading\" style=\"text-align:center\"><strong>Inhalt des Angebotes<\/strong><\/h3>\n\n\n\n<p class=\"wp-block-paragraph\" style=\"text-align:center\">Der DTHO bem\u00fcht sich stets um korrekte Darstellung und Aktualit\u00e4t der Inhalte und Informationen. Wir k\u00f6nnen jedoch keinerlei Gew\u00e4hr f\u00fcr die Vollst\u00e4ndigkeit oder Qualit\u00e4t der bereitgestellten Informationen \u00fcbernehmen. Haftungsanspr\u00fcche gegen den DTHO, welche sich auf Sch\u00e4den materieller oder ideeller Art beziehen, die durch die Nutzung oder Nichtnutzung der angebotenen Informationen bzw. durch die Nutzung fehlerhafter und unvollst\u00e4ndiger Informationen verursacht wurden, sind grunds\u00e4tzlich ausgeschlossen. Alle dargestellten Angebote und Preise sind freibleibend und unverbindlich. Der DTHO beh\u00e4lt es sich ausdr\u00fccklich vor, Teile der Seiten oder das gesamte Angebot ohne gesonderte Ank\u00fcndigung zu ver\u00e4ndern, zu erg\u00e4nzen, zu l\u00f6schen oder die Ver\u00f6ffentlichung zeitweise oder endg\u00fcltig einzustellen.<\/p>\n\n\n\n<h3 class=\"wp-block-heading\" style=\"text-align:center\"><strong>Verweise und Links<\/strong><\/h3>\n\n\n\n<p class=\"wp-block-paragraph\" style=\"text-align:center\">F\u00fcr direkte oder indirekte Verweise auf fremde Webseiten (&#8222;Hyperlinks&#8220;), \u00fcbernimmt der DTHO keine Verantwortung. Der DTHO erkl\u00e4rt hiermit ausdr\u00fccklich, dass zum Zeitpunkt der Linksetzung keine illegalen Inhalte auf den verlinkten Seiten erkennbar waren. Auf die aktuelle und zuk\u00fcnftige Gestaltung, die Inhalte oder die Urheberschaft der gelinkten\/verkn\u00fcpften Seiten hat der DTHO keinerlei Einfluss. Deshalb distanzieren sich der Deutsche Tempelherren-Orden OMCT e.V. hiermit ausdr\u00fccklich von allen Inhalten aller gelinkten\/verkn\u00fcpften Seiten. Diese Feststellung gilt f\u00fcr alle innerhalb dieses Internetangebotes angebrachten Links<\/p>\n\n\n\n<h3 class=\"wp-block-heading\" style=\"text-align:center\"><strong>Urheberrecht &amp; Marken<\/strong><\/h3>\n\n\n\n<p class=\"wp-block-paragraph\" style=\"text-align:center\">Der DTHO ist bestrebt, in allen Publikationen die Urheberrechte der verwendeten Grafiken, Videosequenzen und Texte zu beachten. Alle innerhalb des Internetangebotes genannten und ggf. durch Dritte gesch\u00fctzten Marken- und Warenzeichen unterliegen uneingeschr\u00e4nkt den Bestimmungen des jeweils g\u00fcltigen Kennzeichenrechts und den Besitzrechten der jeweiligen eingetragenen Eigent\u00fcmer. Das Copyright f\u00fcr ver\u00f6ffentlichte, vom DTHO selbst erstellten Objekte bleibt allein beim DTHO. Eine Vervielf\u00e4ltigung oder Verwendung solcher Grafiken, Tondokumente, Videosequenzen und Texte in anderen elektronischen oder gedruckten Publikationen ist nicht gestattet.<\/p>\n\n\n\n<h3 class=\"wp-block-heading\" style=\"text-align:center\"><strong>Rechtswirksamkeit<\/strong><\/h3>\n\n\n\n<p class=\"wp-block-paragraph\" style=\"text-align:center\">Dieser Haftungsausschluss ist als Teil des Internetangebotes zu betrachten, von dem aus auf diese Seite verwiesen wurde. Sofern Teile oder einzelne Formulierungen dieses Textes der geltenden Rechtslage nicht, nicht mehr oder nicht vollst\u00e4ndig entsprechen sollten, bleiben die \u00fcbrigen Teile des Dokumentes in ihrem Inhalt und ihrer G\u00fcltigkeit davon unber\u00fchrt.<\/p>\n\n\n\n<h3 class=\"wp-block-heading\" style=\"text-align:center\"><strong>Hinweise:<\/strong><\/h3>\n\n\n\n<p class=\"wp-block-paragraph\" style=\"text-align:center\">Der DTHO distanziert sich ausdr\u00fccklich von Spam oder \u00e4hnlichen unerw\u00fcnschten Werbe-E-Mails!<\/p>\n\n\n\n<p class=\"wp-block-paragraph\" style=\"text-align:center\">Wir versenden keine unaufgeforderten Nachrichten, Angebote, E-Mail o. \u00e4. &#8211; versandte Nachrichten basieren immer darauf, dass eine E-Mail mit der Bitte um Information an uns gesandt wurde oder Informationen angefordert wurden. Wir k\u00f6nnen nicht nachvollziehen, ob die angeforderte Information, die Art der angeforderten Information (auch Newsletter) durch mi\u00dfbr\u00e4uchliche Verwendung von E-Mail Adressen entsteht oder entstanden ist.<\/p>\n\n\n\n<p class=\"wp-block-paragraph\" style=\"text-align:center\">Im Falle einer f\u00e4lschlicher Weise zugesandten Nachricht durch uns, bitten wir um Ihre Information<\/p>\n","protected":false},"excerpt":{"rendered":"<p>Angaben nach \u00a7 5 TMG: Herausgeber; verantw. i.S.d.P.: Deutscher Tempelherren-Orden OMCT e.V. Eintragung im Vereinsregister:Registergericht: Amtsgericht N\u00fcrnbergRegisternummer: 682 Kontakt: info@tempelherrenorden.de Vertreten durch:Ordensmeister (Vertretungsberechtigtes Vorstandsmitglied):Thomas HenningAlt Vinnhorst 77B30419 HannoverOrdensmeister@tempelherrenorden.deTel: 0173\/2532053 Verantwortlich f\u00fcr den Inhalt (Webmaster):Ordensschatzmeister (Vertretungsberechtigtes Vorstandsmitglied):Cornelius HenningLiebigstra\u00dfe 231135 HildesheimOrdensschatzmeister@tempelherrenorden.deTel: 05121\/7413140 Zust\u00e4ndiges Finanzamt:Hannover-Nord,Steuernummer: 25\/206\/00254 &#8211;&nbsp;&nbsp;nachstehend als &#8222;DTHO&#8220; bezeichnet&nbsp;&nbsp;&#8211; Haftung: Inhalt des\u2026<\/p>\n<p> <a class=\"continue-reading-link\" href=\"https:\/\/tempelherrenorden.de\/cms\/impressum\/\"><span>Artikel lesen<\/span><i class=\"crycon-right-dir\"><\/i><\/a> <\/p>\n","protected":false},"author":10,"featured_media":0,"parent":0,"menu_order":9,"comment_status":"closed","ping_status":"closed","template":"templates\/template-onecolumn.php","meta":{"_crdt_document":"","jetpack_post_was_ever_published":false,"footnotes":""},"class_list":["post-1002","page","type-page","status-publish","hentry"],"yoast_head":"<!-- This site is optimized with the Yoast SEO plugin v27.3 - https:\/\/yoast.com\/product\/yoast-seo-wordpress\/ -->\n<title>Impressum &#8226; Deutscher Tempelherren-Orden<\/title>\n<meta name=\"robots\" content=\"index, follow, max-snippet:-1, max-image-preview:large, max-video-preview:-1\" \/>\n<link rel=\"canonical\" href=\"https:\/\/tempelherrenorden.de\/cms\/impressum\/\" \/>\n<meta property=\"og:locale\" content=\"de_DE\" \/>\n<meta property=\"og:type\" content=\"article\" \/>\n<meta property=\"og:title\" content=\"Impressum &#8226; Deutscher Tempelherren-Orden\" \/>\n<meta property=\"og:description\" content=\"Angaben nach \u00a7 5 TMG: Herausgeber; verantw. i.S.d.P.: Deutscher Tempelherren-Orden OMCT e.V. Eintragung im Vereinsregister:Registergericht: Amtsgericht N\u00fcrnbergRegisternummer: 682 Kontakt: info@tempelherrenorden.de Vertreten durch:Ordensmeister (Vertretungsberechtigtes Vorstandsmitglied):Thomas HenningAlt Vinnhorst 77B30419 HannoverOrdensmeister@tempelherrenorden.deTel: 0173\/2532053 Verantwortlich f\u00fcr den Inhalt (Webmaster):Ordensschatzmeister (Vertretungsberechtigtes Vorstandsmitglied):Cornelius HenningLiebigstra\u00dfe 231135 HildesheimOrdensschatzmeister@tempelherrenorden.deTel: 05121\/7413140 Zust\u00e4ndiges Finanzamt:Hannover-Nord,Steuernummer: 25\/206\/00254 &#8211;&nbsp;&nbsp;nachstehend als &#8222;DTHO&#8220; bezeichnet&nbsp;&nbsp;&#8211; Haftung: Inhalt des\u2026 Artikel lesen\" \/>\n<meta property=\"og:url\" content=\"https:\/\/tempelherrenorden.de\/cms\/impressum\/\" \/>\n<meta property=\"og:site_name\" content=\"Deutscher Tempelherren-Orden\" \/>\n<meta property=\"article:publisher\" content=\"https:\/\/www.facebook.com\/Deutscher-Tempelherren-Orden-OMCT-2054469481490772\/\" \/>\n<meta property=\"article:modified_time\" content=\"2019-09-29T18:26:18+00:00\" \/>\n<meta name=\"twitter:card\" content=\"summary_large_image\" \/>\n<meta name=\"twitter:label1\" content=\"Gesch\u00e4tzte Lesezeit\" \/>\n\t<meta name=\"twitter:data1\" content=\"3\u00a0Minuten\" \/>\n<script type=\"application\/ld+json\" class=\"yoast-schema-graph\">{\"@context\":\"https:\\\/\\\/schema.org\",\"@graph\":[{\"@type\":\"WebPage\",\"@id\":\"https:\\\/\\\/tempelherrenorden.de\\\/cms\\\/impressum\\\/\",\"url\":\"https:\\\/\\\/tempelherrenorden.de\\\/cms\\\/impressum\\\/\",\"name\":\"Impressum &#8226; Deutscher Tempelherren-Orden\",\"isPartOf\":{\"@id\":\"https:\\\/\\\/tempelherrenorden.de\\\/cms\\\/#website\"},\"datePublished\":\"2016-03-26T00:30:56+00:00\",\"dateModified\":\"2019-09-29T18:26:18+00:00\",\"breadcrumb\":{\"@id\":\"https:\\\/\\\/tempelherrenorden.de\\\/cms\\\/impressum\\\/#breadcrumb\"},\"inLanguage\":\"de\",\"potentialAction\":[{\"@type\":\"ReadAction\",\"target\":[\"https:\\\/\\\/tempelherrenorden.de\\\/cms\\\/impressum\\\/\"]}]},{\"@type\":\"BreadcrumbList\",\"@id\":\"https:\\\/\\\/tempelherrenorden.de\\\/cms\\\/impressum\\\/#breadcrumb\",\"itemListElement\":[{\"@type\":\"ListItem\",\"position\":1,\"name\":\"Startseite\",\"item\":\"https:\\\/\\\/tempelherrenorden.de\\\/cms\\\/\"},{\"@type\":\"ListItem\",\"position\":2,\"name\":\"Impressum\"}]},{\"@type\":\"WebSite\",\"@id\":\"https:\\\/\\\/tempelherrenorden.de\\\/cms\\\/#website\",\"url\":\"https:\\\/\\\/tempelherrenorden.de\\\/cms\\\/\",\"name\":\"Deutscher Tempelherren-Orden\",\"description\":\"\",\"publisher\":{\"@id\":\"https:\\\/\\\/tempelherrenorden.de\\\/cms\\\/#organization\"},\"potentialAction\":[{\"@type\":\"SearchAction\",\"target\":{\"@type\":\"EntryPoint\",\"urlTemplate\":\"https:\\\/\\\/tempelherrenorden.de\\\/cms\\\/?s={search_term_string}\"},\"query-input\":{\"@type\":\"PropertyValueSpecification\",\"valueRequired\":true,\"valueName\":\"search_term_string\"}}],\"inLanguage\":\"de\"},{\"@type\":\"Organization\",\"@id\":\"https:\\\/\\\/tempelherrenorden.de\\\/cms\\\/#organization\",\"name\":\"Deutscher Tempelherren-Orden OMCT e.V.\",\"url\":\"https:\\\/\\\/tempelherrenorden.de\\\/cms\\\/\",\"logo\":{\"@type\":\"ImageObject\",\"inLanguage\":\"de\",\"@id\":\"https:\\\/\\\/tempelherrenorden.de\\\/cms\\\/#\\\/schema\\\/logo\\\/image\\\/\",\"url\":\"https:\\\/\\\/i0.wp.com\\\/tempelherrenorden.de\\\/cms\\\/wp-content\\\/uploads\\\/2018\\\/01\\\/OMCT-Wappen.jpg?fit=997%2C1198&ssl=1\",\"contentUrl\":\"https:\\\/\\\/i0.wp.com\\\/tempelherrenorden.de\\\/cms\\\/wp-content\\\/uploads\\\/2018\\\/01\\\/OMCT-Wappen.jpg?fit=997%2C1198&ssl=1\",\"width\":997,\"height\":1198,\"caption\":\"Deutscher Tempelherren-Orden OMCT e.V.\"},\"image\":{\"@id\":\"https:\\\/\\\/tempelherrenorden.de\\\/cms\\\/#\\\/schema\\\/logo\\\/image\\\/\"},\"sameAs\":[\"https:\\\/\\\/www.facebook.com\\\/Deutscher-Tempelherren-Orden-OMCT-2054469481490772\\\/\"]}]}<\/script>\n<!-- \/ Yoast SEO plugin. -->","yoast_head_json":{"title":"Impressum &#8226; Deutscher Tempelherren-Orden","robots":{"index":"index","follow":"follow","max-snippet":"max-snippet:-1","max-image-preview":"max-image-preview:large","max-video-preview":"max-video-preview:-1"},"canonical":"https:\/\/tempelherrenorden.de\/cms\/impressum\/","og_locale":"de_DE","og_type":"article","og_title":"Impressum &#8226; Deutscher Tempelherren-Orden","og_description":"Angaben nach \u00a7 5 TMG: Herausgeber; verantw. i.S.d.P.: Deutscher Tempelherren-Orden OMCT e.V. Eintragung im Vereinsregister:Registergericht: Amtsgericht N\u00fcrnbergRegisternummer: 682 Kontakt: info@tempelherrenorden.de Vertreten durch:Ordensmeister (Vertretungsberechtigtes Vorstandsmitglied):Thomas HenningAlt Vinnhorst 77B30419 HannoverOrdensmeister@tempelherrenorden.deTel: 0173\/2532053 Verantwortlich f\u00fcr den Inhalt (Webmaster):Ordensschatzmeister (Vertretungsberechtigtes Vorstandsmitglied):Cornelius HenningLiebigstra\u00dfe 231135 HildesheimOrdensschatzmeister@tempelherrenorden.deTel: 05121\/7413140 Zust\u00e4ndiges Finanzamt:Hannover-Nord,Steuernummer: 25\/206\/00254 &#8211;&nbsp;&nbsp;nachstehend als &#8222;DTHO&#8220; bezeichnet&nbsp;&nbsp;&#8211; Haftung: Inhalt des\u2026 Artikel lesen","og_url":"https:\/\/tempelherrenorden.de\/cms\/impressum\/","og_site_name":"Deutscher Tempelherren-Orden","article_publisher":"https:\/\/www.facebook.com\/Deutscher-Tempelherren-Orden-OMCT-2054469481490772\/","article_modified_time":"2019-09-29T18:26:18+00:00","twitter_card":"summary_large_image","twitter_misc":{"Gesch\u00e4tzte Lesezeit":"3\u00a0Minuten"},"schema":{"@context":"https:\/\/schema.org","@graph":[{"@type":"WebPage","@id":"https:\/\/tempelherrenorden.de\/cms\/impressum\/","url":"https:\/\/tempelherrenorden.de\/cms\/impressum\/","name":"Impressum &#8226; Deutscher Tempelherren-Orden","isPartOf":{"@id":"https:\/\/tempelherrenorden.de\/cms\/#website"},"datePublished":"2016-03-26T00:30:56+00:00","dateModified":"2019-09-29T18:26:18+00:00","breadcrumb":{"@id":"https:\/\/tempelherrenorden.de\/cms\/impressum\/#breadcrumb"},"inLanguage":"de","potentialAction":[{"@type":"ReadAction","target":["https:\/\/tempelherrenorden.de\/cms\/impressum\/"]}]},{"@type":"BreadcrumbList","@id":"https:\/\/tempelherrenorden.de\/cms\/impressum\/#breadcrumb","itemListElement":[{"@type":"ListItem","position":1,"name":"Startseite","item":"https:\/\/tempelherrenorden.de\/cms\/"},{"@type":"ListItem","position":2,"name":"Impressum"}]},{"@type":"WebSite","@id":"https:\/\/tempelherrenorden.de\/cms\/#website","url":"https:\/\/tempelherrenorden.de\/cms\/","name":"Deutscher Tempelherren-Orden","description":"","publisher":{"@id":"https:\/\/tempelherrenorden.de\/cms\/#organization"},"potentialAction":[{"@type":"SearchAction","target":{"@type":"EntryPoint","urlTemplate":"https:\/\/tempelherrenorden.de\/cms\/?s={search_term_string}"},"query-input":{"@type":"PropertyValueSpecification","valueRequired":true,"valueName":"search_term_string"}}],"inLanguage":"de"},{"@type":"Organization","@id":"https:\/\/tempelherrenorden.de\/cms\/#organization","name":"Deutscher Tempelherren-Orden OMCT e.V.","url":"https:\/\/tempelherrenorden.de\/cms\/","logo":{"@type":"ImageObject","inLanguage":"de","@id":"https:\/\/tempelherrenorden.de\/cms\/#\/schema\/logo\/image\/","url":"https:\/\/i0.wp.com\/tempelherrenorden.de\/cms\/wp-content\/uploads\/2018\/01\/OMCT-Wappen.jpg?fit=997%2C1198&ssl=1","contentUrl":"https:\/\/i0.wp.com\/tempelherrenorden.de\/cms\/wp-content\/uploads\/2018\/01\/OMCT-Wappen.jpg?fit=997%2C1198&ssl=1","width":997,"height":1198,"caption":"Deutscher Tempelherren-Orden OMCT e.V."},"image":{"@id":"https:\/\/tempelherrenorden.de\/cms\/#\/schema\/logo\/image\/"},"sameAs":["https:\/\/www.facebook.com\/Deutscher-Tempelherren-Orden-OMCT-2054469481490772\/"]}]}},"jetpack_shortlink":"https:\/\/wp.me\/P5yQvL-ga","jetpack_sharing_enabled":true,"_links":{"self":[{"href":"https:\/\/tempelherrenorden.de\/cms\/wp-json\/wp\/v2\/pages\/1002","targetHints":{"allow":["GET"]}}],"collection":[{"href":"https:\/\/tempelherrenorden.de\/cms\/wp-json\/wp\/v2\/pages"}],"about":[{"href":"https:\/\/tempelherrenorden.de\/cms\/wp-json\/wp\/v2\/types\/page"}],"author":[{"embeddable":true,"href":"https:\/\/tempelherrenorden.de\/cms\/wp-json\/wp\/v2\/users\/10"}],"replies":[{"embeddable":true,"href":"https:\/\/tempelherrenorden.de\/cms\/wp-json\/wp\/v2\/comments?post=1002"}],"version-history":[{"count":17,"href":"https:\/\/tempelherrenorden.de\/cms\/wp-json\/wp\/v2\/pages\/1002\/revisions"}],"predecessor-version":[{"id":3151,"href":"https:\/\/tempelherrenorden.de\/cms\/wp-json\/wp\/v2\/pages\/1002\/revisions\/3151"}],"wp:attachment":[{"href":"https:\/\/tempelherrenorden.de\/cms\/wp-json\/wp\/v2\/media?parent=1002"}],"curies":[{"name":"wp","href":"https:\/\/api.w.org\/{rel}","templated":true}]}}