{"id":19,"date":"2014-12-31T23:27:56","date_gmt":"2014-12-31T21:27:56","guid":{"rendered":"http:\/\/tempelherrenorden.de\/cms\/?page_id=19"},"modified":"2024-05-05T15:55:39","modified_gmt":"2024-05-05T13:55:39","slug":"organisation-des-deutschen-tempelherrenordens","status":"publish","type":"page","link":"https:\/\/tempelherrenorden.de\/cms\/organisation-des-deutschen-tempelherrenordens\/","title":{"rendered":"Organisation"},"content":{"rendered":"\n<div class=\"wp-block-columns is-layout-flex wp-container-core-columns-is-layout-8f761849 wp-block-columns-is-layout-flex\">\n<div class=\"wp-block-column is-layout-flow wp-block-column-is-layout-flow\">\n<h3 class=\"wp-block-heading\" id=\"organisation-des-deutschen-tempelherrenordens\">Organisation des Deutschen Tempelherrenordens<\/h3>\n\n\n\n<p class=\"wp-block-paragraph\">Der Orden wird durch die <a href=\"https:\/\/tempelherrenorden.de\/cms\/organisation-des-deutschen-tempelherrenordens\/ordensregierung\/\">Ordensregierung <\/a>gef\u00fchrt. Unterst\u00fctzt wird sie dabei durch den <a href=\"https:\/\/tempelherrenorden.de\/cms\/organisation-des-deutschen-tempelherrenordens\/ordenssenat\/\">Ordenssenat<\/a>. Regional untergliedert sich der Orden in <a href=\"https:\/\/tempelherrenorden.de\/cms\/organisation-des-deutschen-tempelherrenordens\/komtureien-und-ordenshaeuser\/\">Komtureien und Ordensh\u00e4user<\/a>. Zur Zeit gibt es insgesamt vier Komtureien und zwei Ordensh\u00e4user in Deutschland und Belgien.<\/p>\n\n\n\n<p class=\"wp-block-paragraph\">Die Mitglieder des Ordens bringen sich aktiv in das Ordensleben ein. Die Komtureien gestalten dabei eigenst\u00e4ndig ein Jahresprogramm mit verschiedenen Angeboten f\u00fcr Ihre Mitglieder. Au\u00dferdem gibt es mehrere Veranstaltungen im Jahr zu denen der gesamte Orden zusammen kommt. <\/p>\n\n\n\n<p class=\"wp-block-paragraph\">Unsere Mitglieder kommen vor allen Dingen aus Deutschland. Aber auch in der Schweiz, in Frankreich und in Belgien sind unsere gastfreundlichen Ordensschwestern und Br\u00fcder vertreten.<\/p>\n<\/div>\n\n\n\n<div class=\"wp-block-column is-layout-flow wp-block-column-is-layout-flow\">\n<div class=\"wp-block-columns is-layout-flex wp-container-core-columns-is-layout-8f761849 wp-block-columns-is-layout-flex\">\n<div class=\"wp-block-column is-layout-flow wp-block-column-is-layout-flow\">\n<figure class=\"wp-block-image size-large\"><a  href=\"https:\/\/i0.wp.com\/tempelherrenorden.de\/cms\/wp-content\/uploads\/2018\/01\/OMCT-Wappen.jpg?ssl=1\" data-rel=\"lightbox-gallery-0\" data-rl_title=\"Das Ordenswappen\" data-rl_caption=\"Das Ordenswappen\" title=\"Das Ordenswappen\"><img data-recalc-dims=\"1\" loading=\"lazy\" decoding=\"async\" width=\"852\" height=\"1024\" data-attachment-id=\"2067\" data-permalink=\"https:\/\/tempelherrenorden.de\/cms\/organisation-des-deutschen-tempelherrenordens\/omct-wappen\/\" data-orig-file=\"https:\/\/i0.wp.com\/tempelherrenorden.de\/cms\/wp-content\/uploads\/2018\/01\/OMCT-Wappen.jpg?fit=997%2C1198&amp;ssl=1\" data-orig-size=\"997,1198\" data-comments-opened=\"0\" data-image-meta=\"{&quot;aperture&quot;:&quot;0&quot;,&quot;credit&quot;:&quot;&quot;,&quot;camera&quot;:&quot;&quot;,&quot;caption&quot;:&quot;&quot;,&quot;created_timestamp&quot;:&quot;0&quot;,&quot;copyright&quot;:&quot;&quot;,&quot;focal_length&quot;:&quot;0&quot;,&quot;iso&quot;:&quot;0&quot;,&quot;shutter_speed&quot;:&quot;0&quot;,&quot;title&quot;:&quot;&quot;,&quot;orientation&quot;:&quot;0&quot;}\" data-image-title=\"OMCT Wappen\" data-image-description=\"\" data-image-caption=\"&lt;p&gt;Das Ordenswappen&lt;\/p&gt;\n\" data-large-file=\"https:\/\/i0.wp.com\/tempelherrenorden.de\/cms\/wp-content\/uploads\/2018\/01\/OMCT-Wappen.jpg?fit=852%2C1024&amp;ssl=1\" src=\"https:\/\/i0.wp.com\/tempelherrenorden.de\/cms\/wp-content\/uploads\/2018\/01\/OMCT-Wappen.jpg?resize=852%2C1024&#038;ssl=1\" alt=\"Ordenswappen des Deutschen Tempelherrenordens\" class=\"wp-image-2067\" srcset=\"https:\/\/i0.wp.com\/tempelherrenorden.de\/cms\/wp-content\/uploads\/2018\/01\/OMCT-Wappen.jpg?resize=852%2C1024&amp;ssl=1 852w, https:\/\/i0.wp.com\/tempelherrenorden.de\/cms\/wp-content\/uploads\/2018\/01\/OMCT-Wappen.jpg?resize=250%2C300&amp;ssl=1 250w, https:\/\/i0.wp.com\/tempelherrenorden.de\/cms\/wp-content\/uploads\/2018\/01\/OMCT-Wappen.jpg?resize=768%2C923&amp;ssl=1 768w, https:\/\/i0.wp.com\/tempelherrenorden.de\/cms\/wp-content\/uploads\/2018\/01\/OMCT-Wappen.jpg?resize=125%2C150&amp;ssl=1 125w, https:\/\/i0.wp.com\/tempelherrenorden.de\/cms\/wp-content\/uploads\/2018\/01\/OMCT-Wappen.jpg?w=997&amp;ssl=1 997w\" sizes=\"auto, (max-width: 852px) 100vw, 852px\" \/><\/a><figcaption class=\"wp-element-caption\">Das Ordenswappen<\/figcaption><\/figure>\n<\/div>\n\n\n\n<div class=\"wp-block-column is-layout-flow wp-block-column-is-layout-flow\">\n<figure class=\"wp-block-image size-large\"><a  href=\"https:\/\/i0.wp.com\/tempelherrenorden.de\/cms\/wp-content\/uploads\/2016\/03\/OMCT-Templerkreuz.jpg?ssl=1\" data-rel=\"lightbox-gallery-0\" data-rl_title=\"\" data-rl_caption=\"\" title=\"\"><img data-recalc-dims=\"1\" loading=\"lazy\" decoding=\"async\" width=\"1019\" height=\"1024\" data-attachment-id=\"984\" data-permalink=\"https:\/\/tempelherrenorden.de\/cms\/ordenscaritas\/omct-templerkreuz\/\" data-orig-file=\"https:\/\/i0.wp.com\/tempelherrenorden.de\/cms\/wp-content\/uploads\/2016\/03\/OMCT-Templerkreuz.jpg?fit=1399%2C1406&amp;ssl=1\" data-orig-size=\"1399,1406\" data-comments-opened=\"0\" data-image-meta=\"{&quot;aperture&quot;:&quot;0&quot;,&quot;credit&quot;:&quot;&quot;,&quot;camera&quot;:&quot;&quot;,&quot;caption&quot;:&quot;&quot;,&quot;created_timestamp&quot;:&quot;0&quot;,&quot;copyright&quot;:&quot;&quot;,&quot;focal_length&quot;:&quot;0&quot;,&quot;iso&quot;:&quot;0&quot;,&quot;shutter_speed&quot;:&quot;0&quot;,&quot;title&quot;:&quot;&quot;,&quot;orientation&quot;:&quot;0&quot;}\" data-image-title=\"OMCT Templerkreuz\" data-image-description=\"\" data-image-caption=\"\" data-large-file=\"https:\/\/i0.wp.com\/tempelherrenorden.de\/cms\/wp-content\/uploads\/2016\/03\/OMCT-Templerkreuz.jpg?fit=1019%2C1024&amp;ssl=1\" src=\"https:\/\/i0.wp.com\/tempelherrenorden.de\/cms\/wp-content\/uploads\/2016\/03\/OMCT-Templerkreuz.jpg?resize=1019%2C1024&#038;ssl=1\" alt=\"Mantelkreuz des Deutschen Tempelherrenordens\" class=\"wp-image-984\" srcset=\"https:\/\/i0.wp.com\/tempelherrenorden.de\/cms\/wp-content\/uploads\/2016\/03\/OMCT-Templerkreuz.jpg?resize=1019%2C1024&amp;ssl=1 1019w, https:\/\/i0.wp.com\/tempelherrenorden.de\/cms\/wp-content\/uploads\/2016\/03\/OMCT-Templerkreuz.jpg?resize=40%2C40&amp;ssl=1 40w, https:\/\/i0.wp.com\/tempelherrenorden.de\/cms\/wp-content\/uploads\/2016\/03\/OMCT-Templerkreuz.jpg?resize=300%2C300&amp;ssl=1 300w, https:\/\/i0.wp.com\/tempelherrenorden.de\/cms\/wp-content\/uploads\/2016\/03\/OMCT-Templerkreuz.jpg?resize=600%2C603&amp;ssl=1 600w, https:\/\/i0.wp.com\/tempelherrenorden.de\/cms\/wp-content\/uploads\/2016\/03\/OMCT-Templerkreuz.jpg?resize=149%2C150&amp;ssl=1 149w, https:\/\/i0.wp.com\/tempelherrenorden.de\/cms\/wp-content\/uploads\/2016\/03\/OMCT-Templerkreuz.jpg?resize=150%2C150&amp;ssl=1 150w, https:\/\/i0.wp.com\/tempelherrenorden.de\/cms\/wp-content\/uploads\/2016\/03\/OMCT-Templerkreuz.jpg?resize=80%2C80&amp;ssl=1 80w, https:\/\/i0.wp.com\/tempelherrenorden.de\/cms\/wp-content\/uploads\/2016\/03\/OMCT-Templerkreuz.jpg?resize=45%2C45&amp;ssl=1 45w, https:\/\/i0.wp.com\/tempelherrenorden.de\/cms\/wp-content\/uploads\/2016\/03\/OMCT-Templerkreuz.jpg?resize=120%2C120&amp;ssl=1 120w, https:\/\/i0.wp.com\/tempelherrenorden.de\/cms\/wp-content\/uploads\/2016\/03\/OMCT-Templerkreuz.jpg?w=1399&amp;ssl=1 1399w\" sizes=\"auto, (max-width: 1019px) 100vw, 1019px\" \/><\/a><figcaption class=\"wp-element-caption\">Das Ordenskreuz, es ziert die M\u00e4ntel und Insignien des Ordens.<\/figcaption><\/figure>\n<\/div>\n<\/div>\n<\/div>\n<\/div>\n\n\n\n<div class=\"wp-block-columns is-layout-flex wp-container-core-columns-is-layout-8f761849 wp-block-columns-is-layout-flex\">\n<div class=\"wp-block-column is-layout-flow wp-block-column-is-layout-flow\">\n<h3 class=\"wp-block-heading\" id=\"mitgliedschaft-im-orden\">Mitgliedschaft im Orden:<\/h3>\n\n\n\n<p class=\"wp-block-paragraph\">Der Deutsche Tempelherren-Orden hat verschiedene Stufen der Mitgliedschaft.<\/p>\n\n\n\n<p class=\"wp-block-paragraph\">Interessenten, die uns \u00fcber das Internet <a href=\"https:\/\/tempelherrenorden.de\/cms\/kontakt\/\">kontaktieren<\/a>, werden einer <a href=\"https:\/\/tempelherrenorden.de\/cms\/organisation-des-deutschen-tempelherrenordens\/komtureien-und-ordenshaeuser\/\">Komturei <\/a>zugeordnet in der Sie sich mit dem Ordensleben vertraut machen k\u00f6nnen. Wenn der Kontakt \u00fcber Ordensangeh\u00f6rige erfolgt ist, so ist die Komturei des\/der Ordensangeh\u00f6rigen f\u00fcr Sie zust\u00e4ndig.<\/p>\n\n\n\n<p class=\"wp-block-paragraph\">F\u00fcr unseren Orden sind die Komtureien und Ordensh\u00e4user mit ihrer r\u00e4umlichen N\u00e4he zu unseren Ordensmitgliedern die S\u00e4ulen des Ordenslebens.<\/p>\n\n\n\n<p class=\"wp-block-paragraph\">Auf dem weiteren Weg im Orden werden die Interessierten nach Ihrer Bewerbung und Zustimmung des Komtures im Rahmen eines feierlichen Gottesdienstes beim <a href=\"https:\/\/tempelherrenorden.de\/cms\/organisation-des-deutschen-tempelherrenordens\/generalkapitel\/\">Generalkapitel <\/a>in den Stand eines Postulanten erhoben.<\/p>\n\n\n\n<p class=\"wp-block-paragraph\">Postulanten k\u00f6nnen an den geschlossenen Konventen der Komtureien und des Ordens teilnehmen. Die volle Mitgliedschaft wird durch die Investierung von Ordensdamen beziehungsweise die Rezipierung von Ordensrittern erreicht.<\/p>\n\n\n\n<p class=\"wp-block-paragraph\">Auch dies erfolgt im Rahmen des Gottesdienstes eines Generalkapitels.<\/p>\n\n\n\n<p class=\"wp-block-paragraph\">Mitglieder die sich in besonderer Weise f\u00fcr den Orden einsetzten, oder eingesetzt haben \u2013 zum Beispiel ehemalige Amtstr\u00e4ger- k\u00f6nnen in den Rang eines Ordensoffiziers erhoben werden.<\/p>\n\n\n\n<p class=\"wp-block-paragraph\">Weitere R\u00e4nge wie Komture, Senatsmitglieder und Mitglieder der Ordensregierung und des Ehrengerichts sind R\u00e4nge von Amtswegen.<\/p>\n\n\n\n<p class=\"wp-block-paragraph\"><br \/><\/p>\n<\/div>\n\n\n\n<div class=\"wp-block-column is-layout-flow wp-block-column-is-layout-flow\">\n<h3 class=\"wp-block-heading\" id=\"organe-im-orden\">Organe im Orden:<\/h3>\n\n\n\n<h4 class=\"wp-block-heading\" id=\"generalkapitel\"><a href=\"https:\/\/tempelherrenorden.de\/cms\/organisation\/generalkapitel\/\">Generalkapitel<\/a>:<\/h4>\n\n\n\n<p class=\"wp-block-paragraph\">Die Hauptversammlung aus allen Rechtsrittern, Ordensdamen, Postulanten, Postulantinnen und Ehrenmitgliedern.<br \/>Residierende Ordensdamen und Ordensritter besitzen im Rahmen des Generalkapitels das aktive und passive Stimmrecht.<\/p>\n\n\n\n<h4 class=\"wp-block-heading\" id=\"ordensregierung\"><a href=\"https:\/\/tempelherrenorden.de\/cms\/organisation\/ordensregierung\/\">Ordensregierung<\/a>:<\/h4>\n\n\n\n<ul class=\"wp-block-list\">\n<li>Ordensmeister<\/li>\n\n\n\n<li>Ordenskanzler<\/li>\n\n\n\n<li>Ordensschatzmeister<\/li>\n\n\n\n<li>Ordensscriptor<\/li>\n<\/ul>\n\n\n\n<h4 class=\"wp-block-heading\" id=\"senat\"><a href=\"https:\/\/tempelherrenorden.de\/cms\/organisation-des-deutschen-tempelherrenordens\/ordenssenat\/\">Senat<\/a>:<\/h4>\n\n\n\n<ul class=\"wp-block-list\">\n<li>Seneschall (m\u00f6glichst als ordinierter Theologe)<\/li>\n\n\n\n<li>Marschall<\/li>\n\n\n\n<li>Zeremonienmeister<\/li>\n\n\n\n<li>Justitiar<\/li>\n\n\n\n<li>Archivar<\/li>\n\n\n\n<li>2 ordinierte Ordensgeistliche unterschiedlicher Konfession<\/li>\n<\/ul>\n\n\n\n<h4 class=\"wp-block-heading\" id=\"schieds-und-ehrengericht\">Schieds- und Ehrengericht:<\/h4>\n\n\n\n<p class=\"wp-block-paragraph\">Besetzt mit 3 Ordensdamen oder Ordensrittern<br \/><\/p>\n<\/div>\n<\/div>\n","protected":false},"excerpt":{"rendered":"<p>Organisation des Deutschen Tempelherrenordens Der Orden wird durch die Ordensregierung gef\u00fchrt. Unterst\u00fctzt wird sie dabei durch den Ordenssenat. Regional untergliedert sich der Orden in Komtureien und Ordensh\u00e4user. Zur Zeit gibt es insgesamt vier Komtureien und zwei Ordensh\u00e4user in Deutschland und Belgien. Die Mitglieder des Ordens bringen sich aktiv in das\u2026<\/p>\n<p> <a class=\"continue-reading-link\" href=\"https:\/\/tempelherrenorden.de\/cms\/organisation-des-deutschen-tempelherrenordens\/\"><span>Artikel lesen<\/span><i class=\"crycon-right-dir\"><\/i><\/a> <\/p>\n","protected":false},"author":10,"featured_media":2067,"parent":0,"menu_order":3,"comment_status":"closed","ping_status":"closed","template":"templates\/template-onecolumn.php","meta":{"_crdt_document":"","jetpack_post_was_ever_published":false,"footnotes":""},"class_list":["post-19","page","type-page","status-publish","has-post-thumbnail","hentry"],"yoast_head":"<!-- This site is optimized with the Yoast SEO plugin v27.4 - https:\/\/yoast.com\/product\/yoast-seo-wordpress\/ -->\n<title>Organisation des Deutschen Tempelherrenordens &#8226; Organisation<\/title>\n<meta name=\"description\" content=\"Organisation des Deutschen Tempelherrenordens. Geleitet durch die Ordensregierung. Unterst\u00fctzt durch den Ordenssenat, Komtureien und Ordensh\u00e4user.\" \/>\n<meta name=\"robots\" content=\"index, follow, max-snippet:-1, max-image-preview:large, max-video-preview:-1\" \/>\n<link rel=\"canonical\" href=\"https:\/\/tempelherrenorden.de\/cms\/organisation-des-deutschen-tempelherrenordens\/\" \/>\n<meta property=\"og:locale\" content=\"de_DE\" \/>\n<meta property=\"og:type\" content=\"article\" \/>\n<meta property=\"og:title\" content=\"Organisation des Deutschen Tempelherrenordens &#8226; Organisation\" \/>\n<meta property=\"og:description\" content=\"Organisation des Deutschen Tempelherrenordens. Geleitet durch die Ordensregierung. Unterst\u00fctzt durch den Ordenssenat, Komtureien und Ordensh\u00e4user.\" \/>\n<meta property=\"og:url\" content=\"https:\/\/tempelherrenorden.de\/cms\/organisation-des-deutschen-tempelherrenordens\/\" \/>\n<meta property=\"og:site_name\" content=\"Deutscher Tempelherren-Orden\" \/>\n<meta property=\"article:publisher\" content=\"https:\/\/www.facebook.com\/Deutscher-Tempelherren-Orden-OMCT-2054469481490772\/\" \/>\n<meta property=\"article:modified_time\" content=\"2024-05-05T13:55:39+00:00\" \/>\n<meta property=\"og:image\" content=\"https:\/\/tempelherrenorden.de\/cms\/wp-content\/uploads\/2018\/01\/OMCT-Wappen.jpg\" \/>\n\t<meta property=\"og:image:width\" content=\"997\" \/>\n\t<meta property=\"og:image:height\" content=\"1198\" \/>\n\t<meta property=\"og:image:type\" content=\"image\/jpeg\" \/>\n<meta name=\"twitter:card\" content=\"summary_large_image\" \/>\n<meta name=\"twitter:label1\" content=\"Gesch\u00e4tzte Lesezeit\" \/>\n\t<meta name=\"twitter:data1\" content=\"3\u00a0Minuten\" \/>\n<script type=\"application\/ld+json\" class=\"yoast-schema-graph\">{\"@context\":\"https:\\\/\\\/schema.org\",\"@graph\":[{\"@type\":\"WebPage\",\"@id\":\"https:\\\/\\\/tempelherrenorden.de\\\/cms\\\/organisation-des-deutschen-tempelherrenordens\\\/\",\"url\":\"https:\\\/\\\/tempelherrenorden.de\\\/cms\\\/organisation-des-deutschen-tempelherrenordens\\\/\",\"name\":\"Organisation des Deutschen Tempelherrenordens &#8226; Organisation\",\"isPartOf\":{\"@id\":\"https:\\\/\\\/tempelherrenorden.de\\\/cms\\\/#website\"},\"primaryImageOfPage\":{\"@id\":\"https:\\\/\\\/tempelherrenorden.de\\\/cms\\\/organisation-des-deutschen-tempelherrenordens\\\/#primaryimage\"},\"image\":{\"@id\":\"https:\\\/\\\/tempelherrenorden.de\\\/cms\\\/organisation-des-deutschen-tempelherrenordens\\\/#primaryimage\"},\"thumbnailUrl\":\"https:\\\/\\\/i0.wp.com\\\/tempelherrenorden.de\\\/cms\\\/wp-content\\\/uploads\\\/2018\\\/01\\\/OMCT-Wappen.jpg?fit=997%2C1198&ssl=1\",\"datePublished\":\"2014-12-31T21:27:56+00:00\",\"dateModified\":\"2024-05-05T13:55:39+00:00\",\"description\":\"Organisation des Deutschen Tempelherrenordens. Geleitet durch die Ordensregierung. Unterst\u00fctzt durch den Ordenssenat, Komtureien und Ordensh\u00e4user.\",\"breadcrumb\":{\"@id\":\"https:\\\/\\\/tempelherrenorden.de\\\/cms\\\/organisation-des-deutschen-tempelherrenordens\\\/#breadcrumb\"},\"inLanguage\":\"de\",\"potentialAction\":[{\"@type\":\"ReadAction\",\"target\":[\"https:\\\/\\\/tempelherrenorden.de\\\/cms\\\/organisation-des-deutschen-tempelherrenordens\\\/\"]}]},{\"@type\":\"ImageObject\",\"inLanguage\":\"de\",\"@id\":\"https:\\\/\\\/tempelherrenorden.de\\\/cms\\\/organisation-des-deutschen-tempelherrenordens\\\/#primaryimage\",\"url\":\"https:\\\/\\\/i0.wp.com\\\/tempelherrenorden.de\\\/cms\\\/wp-content\\\/uploads\\\/2018\\\/01\\\/OMCT-Wappen.jpg?fit=997%2C1198&ssl=1\",\"contentUrl\":\"https:\\\/\\\/i0.wp.com\\\/tempelherrenorden.de\\\/cms\\\/wp-content\\\/uploads\\\/2018\\\/01\\\/OMCT-Wappen.jpg?fit=997%2C1198&ssl=1\",\"width\":997,\"height\":1198,\"caption\":\"Das Ordenswappen\"},{\"@type\":\"BreadcrumbList\",\"@id\":\"https:\\\/\\\/tempelherrenorden.de\\\/cms\\\/organisation-des-deutschen-tempelherrenordens\\\/#breadcrumb\",\"itemListElement\":[{\"@type\":\"ListItem\",\"position\":1,\"name\":\"Startseite\",\"item\":\"https:\\\/\\\/tempelherrenorden.de\\\/cms\\\/\"},{\"@type\":\"ListItem\",\"position\":2,\"name\":\"Organisation\"}]},{\"@type\":\"WebSite\",\"@id\":\"https:\\\/\\\/tempelherrenorden.de\\\/cms\\\/#website\",\"url\":\"https:\\\/\\\/tempelherrenorden.de\\\/cms\\\/\",\"name\":\"Deutscher Tempelherren-Orden\",\"description\":\"\",\"publisher\":{\"@id\":\"https:\\\/\\\/tempelherrenorden.de\\\/cms\\\/#organization\"},\"potentialAction\":[{\"@type\":\"SearchAction\",\"target\":{\"@type\":\"EntryPoint\",\"urlTemplate\":\"https:\\\/\\\/tempelherrenorden.de\\\/cms\\\/?s={search_term_string}\"},\"query-input\":{\"@type\":\"PropertyValueSpecification\",\"valueRequired\":true,\"valueName\":\"search_term_string\"}}],\"inLanguage\":\"de\"},{\"@type\":\"Organization\",\"@id\":\"https:\\\/\\\/tempelherrenorden.de\\\/cms\\\/#organization\",\"name\":\"Deutscher Tempelherren-Orden OMCT e.V.\",\"url\":\"https:\\\/\\\/tempelherrenorden.de\\\/cms\\\/\",\"logo\":{\"@type\":\"ImageObject\",\"inLanguage\":\"de\",\"@id\":\"https:\\\/\\\/tempelherrenorden.de\\\/cms\\\/#\\\/schema\\\/logo\\\/image\\\/\",\"url\":\"https:\\\/\\\/i0.wp.com\\\/tempelherrenorden.de\\\/cms\\\/wp-content\\\/uploads\\\/2018\\\/01\\\/OMCT-Wappen.jpg?fit=997%2C1198&ssl=1\",\"contentUrl\":\"https:\\\/\\\/i0.wp.com\\\/tempelherrenorden.de\\\/cms\\\/wp-content\\\/uploads\\\/2018\\\/01\\\/OMCT-Wappen.jpg?fit=997%2C1198&ssl=1\",\"width\":997,\"height\":1198,\"caption\":\"Deutscher Tempelherren-Orden OMCT e.V.\"},\"image\":{\"@id\":\"https:\\\/\\\/tempelherrenorden.de\\\/cms\\\/#\\\/schema\\\/logo\\\/image\\\/\"},\"sameAs\":[\"https:\\\/\\\/www.facebook.com\\\/Deutscher-Tempelherren-Orden-OMCT-2054469481490772\\\/\"]}]}<\/script>\n<!-- \/ Yoast SEO plugin. -->","yoast_head_json":{"title":"Organisation des Deutschen Tempelherrenordens &#8226; Organisation","description":"Organisation des Deutschen Tempelherrenordens. Geleitet durch die Ordensregierung. Unterst\u00fctzt durch den Ordenssenat, Komtureien und Ordensh\u00e4user.","robots":{"index":"index","follow":"follow","max-snippet":"max-snippet:-1","max-image-preview":"max-image-preview:large","max-video-preview":"max-video-preview:-1"},"canonical":"https:\/\/tempelherrenorden.de\/cms\/organisation-des-deutschen-tempelherrenordens\/","og_locale":"de_DE","og_type":"article","og_title":"Organisation des Deutschen Tempelherrenordens &#8226; Organisation","og_description":"Organisation des Deutschen Tempelherrenordens. Geleitet durch die Ordensregierung. Unterst\u00fctzt durch den Ordenssenat, Komtureien und Ordensh\u00e4user.","og_url":"https:\/\/tempelherrenorden.de\/cms\/organisation-des-deutschen-tempelherrenordens\/","og_site_name":"Deutscher Tempelherren-Orden","article_publisher":"https:\/\/www.facebook.com\/Deutscher-Tempelherren-Orden-OMCT-2054469481490772\/","article_modified_time":"2024-05-05T13:55:39+00:00","og_image":[{"width":997,"height":1198,"url":"https:\/\/tempelherrenorden.de\/cms\/wp-content\/uploads\/2018\/01\/OMCT-Wappen.jpg","type":"image\/jpeg"}],"twitter_card":"summary_large_image","twitter_misc":{"Gesch\u00e4tzte Lesezeit":"3\u00a0Minuten"},"schema":{"@context":"https:\/\/schema.org","@graph":[{"@type":"WebPage","@id":"https:\/\/tempelherrenorden.de\/cms\/organisation-des-deutschen-tempelherrenordens\/","url":"https:\/\/tempelherrenorden.de\/cms\/organisation-des-deutschen-tempelherrenordens\/","name":"Organisation des Deutschen Tempelherrenordens &#8226; Organisation","isPartOf":{"@id":"https:\/\/tempelherrenorden.de\/cms\/#website"},"primaryImageOfPage":{"@id":"https:\/\/tempelherrenorden.de\/cms\/organisation-des-deutschen-tempelherrenordens\/#primaryimage"},"image":{"@id":"https:\/\/tempelherrenorden.de\/cms\/organisation-des-deutschen-tempelherrenordens\/#primaryimage"},"thumbnailUrl":"https:\/\/i0.wp.com\/tempelherrenorden.de\/cms\/wp-content\/uploads\/2018\/01\/OMCT-Wappen.jpg?fit=997%2C1198&ssl=1","datePublished":"2014-12-31T21:27:56+00:00","dateModified":"2024-05-05T13:55:39+00:00","description":"Organisation des Deutschen Tempelherrenordens. Geleitet durch die Ordensregierung. Unterst\u00fctzt durch den Ordenssenat, Komtureien und Ordensh\u00e4user.","breadcrumb":{"@id":"https:\/\/tempelherrenorden.de\/cms\/organisation-des-deutschen-tempelherrenordens\/#breadcrumb"},"inLanguage":"de","potentialAction":[{"@type":"ReadAction","target":["https:\/\/tempelherrenorden.de\/cms\/organisation-des-deutschen-tempelherrenordens\/"]}]},{"@type":"ImageObject","inLanguage":"de","@id":"https:\/\/tempelherrenorden.de\/cms\/organisation-des-deutschen-tempelherrenordens\/#primaryimage","url":"https:\/\/i0.wp.com\/tempelherrenorden.de\/cms\/wp-content\/uploads\/2018\/01\/OMCT-Wappen.jpg?fit=997%2C1198&ssl=1","contentUrl":"https:\/\/i0.wp.com\/tempelherrenorden.de\/cms\/wp-content\/uploads\/2018\/01\/OMCT-Wappen.jpg?fit=997%2C1198&ssl=1","width":997,"height":1198,"caption":"Das Ordenswappen"},{"@type":"BreadcrumbList","@id":"https:\/\/tempelherrenorden.de\/cms\/organisation-des-deutschen-tempelherrenordens\/#breadcrumb","itemListElement":[{"@type":"ListItem","position":1,"name":"Startseite","item":"https:\/\/tempelherrenorden.de\/cms\/"},{"@type":"ListItem","position":2,"name":"Organisation"}]},{"@type":"WebSite","@id":"https:\/\/tempelherrenorden.de\/cms\/#website","url":"https:\/\/tempelherrenorden.de\/cms\/","name":"Deutscher Tempelherren-Orden","description":"","publisher":{"@id":"https:\/\/tempelherrenorden.de\/cms\/#organization"},"potentialAction":[{"@type":"SearchAction","target":{"@type":"EntryPoint","urlTemplate":"https:\/\/tempelherrenorden.de\/cms\/?s={search_term_string}"},"query-input":{"@type":"PropertyValueSpecification","valueRequired":true,"valueName":"search_term_string"}}],"inLanguage":"de"},{"@type":"Organization","@id":"https:\/\/tempelherrenorden.de\/cms\/#organization","name":"Deutscher Tempelherren-Orden OMCT e.V.","url":"https:\/\/tempelherrenorden.de\/cms\/","logo":{"@type":"ImageObject","inLanguage":"de","@id":"https:\/\/tempelherrenorden.de\/cms\/#\/schema\/logo\/image\/","url":"https:\/\/i0.wp.com\/tempelherrenorden.de\/cms\/wp-content\/uploads\/2018\/01\/OMCT-Wappen.jpg?fit=997%2C1198&ssl=1","contentUrl":"https:\/\/i0.wp.com\/tempelherrenorden.de\/cms\/wp-content\/uploads\/2018\/01\/OMCT-Wappen.jpg?fit=997%2C1198&ssl=1","width":997,"height":1198,"caption":"Deutscher Tempelherren-Orden OMCT e.V."},"image":{"@id":"https:\/\/tempelherrenorden.de\/cms\/#\/schema\/logo\/image\/"},"sameAs":["https:\/\/www.facebook.com\/Deutscher-Tempelherren-Orden-OMCT-2054469481490772\/"]}]}},"jetpack_shortlink":"https:\/\/wp.me\/P5yQvL-j","jetpack_sharing_enabled":true,"_links":{"self":[{"href":"https:\/\/tempelherrenorden.de\/cms\/wp-json\/wp\/v2\/pages\/19","targetHints":{"allow":["GET"]}}],"collection":[{"href":"https:\/\/tempelherrenorden.de\/cms\/wp-json\/wp\/v2\/pages"}],"about":[{"href":"https:\/\/tempelherrenorden.de\/cms\/wp-json\/wp\/v2\/types\/page"}],"author":[{"embeddable":true,"href":"https:\/\/tempelherrenorden.de\/cms\/wp-json\/wp\/v2\/users\/10"}],"replies":[{"embeddable":true,"href":"https:\/\/tempelherrenorden.de\/cms\/wp-json\/wp\/v2\/comments?post=19"}],"version-history":[{"count":98,"href":"https:\/\/tempelherrenorden.de\/cms\/wp-json\/wp\/v2\/pages\/19\/revisions"}],"predecessor-version":[{"id":5051,"href":"https:\/\/tempelherrenorden.de\/cms\/wp-json\/wp\/v2\/pages\/19\/revisions\/5051"}],"wp:featuredmedia":[{"embeddable":true,"href":"https:\/\/tempelherrenorden.de\/cms\/wp-json\/wp\/v2\/media\/2067"}],"wp:attachment":[{"href":"https:\/\/tempelherrenorden.de\/cms\/wp-json\/wp\/v2\/media?parent=19"}],"curies":[{"name":"wp","href":"https:\/\/api.w.org\/{rel}","templated":true}]}}