{"id":1985,"date":"2018-01-30T20:34:28","date_gmt":"2018-01-30T19:34:28","guid":{"rendered":"http:\/\/tempelherrenorden.de\/cms\/?page_id=1985"},"modified":"2023-11-01T20:19:09","modified_gmt":"2023-11-01T19:19:09","slug":"ordensregierung","status":"publish","type":"page","link":"https:\/\/tempelherrenorden.de\/cms\/organisation-des-deutschen-tempelherrenordens\/ordensregierung\/","title":{"rendered":"Ordensregierung"},"content":{"rendered":"\n<div class=\"wp-block-columns is-layout-flex wp-container-core-columns-is-layout-8f761849 wp-block-columns-is-layout-flex\">\n<div class=\"wp-block-column is-layout-flow wp-block-column-is-layout-flow\">\n<h3 class=\"wp-block-heading\">Die Ordensregierung<\/h3>\n\n\n\n<p class=\"wp-block-paragraph\">Die Ordensregierung entspricht dem vereinsrechtlichen Vorstand. Sie wird alle drei Jahre durch das Generalkapitel gew\u00e4hlt. Die Amtszeit der aktuellen Ordensregierung begann mit dem Generalkapitel 2022 in Hannover.&nbsp; Die Ordensregierung besteht aus drei vertretungsberechtigten Mitgliedern, dem Ordensmeister, dem Ordenskanzler und dem Ordensschatzmeister. Unterst\u00fctzt wird die Arbeit der Ordensregierung durch ein viertes Mitglied, dem Ordensscriptor.<\/p>\n<\/div>\n\n\n\n<div class=\"wp-block-column is-layout-flow wp-block-column-is-layout-flow\">\n<h3 class=\"wp-block-heading\">Wappen der Ordensregierung<\/h3>\n\n\n\n<figure class=\"wp-block-image size-large\"><img data-recalc-dims=\"1\" loading=\"lazy\" decoding=\"async\" width=\"852\" height=\"1024\" data-attachment-id=\"2067\" data-permalink=\"https:\/\/tempelherrenorden.de\/cms\/organisation-des-deutschen-tempelherrenordens\/omct-wappen\/\" data-orig-file=\"https:\/\/i0.wp.com\/tempelherrenorden.de\/cms\/wp-content\/uploads\/2018\/01\/OMCT-Wappen.jpg?fit=997%2C1198&amp;ssl=1\" data-orig-size=\"997,1198\" data-comments-opened=\"0\" data-image-meta=\"{&quot;aperture&quot;:&quot;0&quot;,&quot;credit&quot;:&quot;&quot;,&quot;camera&quot;:&quot;&quot;,&quot;caption&quot;:&quot;&quot;,&quot;created_timestamp&quot;:&quot;0&quot;,&quot;copyright&quot;:&quot;&quot;,&quot;focal_length&quot;:&quot;0&quot;,&quot;iso&quot;:&quot;0&quot;,&quot;shutter_speed&quot;:&quot;0&quot;,&quot;title&quot;:&quot;&quot;,&quot;orientation&quot;:&quot;0&quot;}\" data-image-title=\"OMCT Wappen\" data-image-description=\"\" data-image-caption=\"&lt;p&gt;Das Ordenswappen&lt;\/p&gt;\n\" data-large-file=\"https:\/\/i0.wp.com\/tempelherrenorden.de\/cms\/wp-content\/uploads\/2018\/01\/OMCT-Wappen.jpg?fit=852%2C1024&amp;ssl=1\" src=\"https:\/\/i0.wp.com\/tempelherrenorden.de\/cms\/wp-content\/uploads\/2018\/01\/OMCT-Wappen.jpg?resize=852%2C1024&#038;ssl=1\" alt=\"\" class=\"wp-image-2067\" srcset=\"https:\/\/i0.wp.com\/tempelherrenorden.de\/cms\/wp-content\/uploads\/2018\/01\/OMCT-Wappen.jpg?resize=852%2C1024&amp;ssl=1 852w, https:\/\/i0.wp.com\/tempelherrenorden.de\/cms\/wp-content\/uploads\/2018\/01\/OMCT-Wappen.jpg?resize=250%2C300&amp;ssl=1 250w, https:\/\/i0.wp.com\/tempelherrenorden.de\/cms\/wp-content\/uploads\/2018\/01\/OMCT-Wappen.jpg?resize=768%2C923&amp;ssl=1 768w, https:\/\/i0.wp.com\/tempelherrenorden.de\/cms\/wp-content\/uploads\/2018\/01\/OMCT-Wappen.jpg?resize=125%2C150&amp;ssl=1 125w, https:\/\/i0.wp.com\/tempelherrenorden.de\/cms\/wp-content\/uploads\/2018\/01\/OMCT-Wappen.jpg?w=997&amp;ssl=1 997w\" sizes=\"auto, (max-width: 852px) 100vw, 852px\" \/><figcaption class=\"wp-element-caption\">Das Ordenswappen<\/figcaption><\/figure>\n<\/div>\n<\/div>\n\n\n\n<div style=\"height:20px\" aria-hidden=\"true\" class=\"wp-block-spacer\"><\/div>\n\n\n\n<div class=\"wp-block-columns is-layout-flex wp-container-core-columns-is-layout-8f761849 wp-block-columns-is-layout-flex\">\n<div class=\"wp-block-column is-layout-flow wp-block-column-is-layout-flow\">\n<h3 class=\"wp-block-heading\">Der Ordensmeister<\/h3>\n\n\n\n<p class=\"wp-block-paragraph\">aktuell Ordensbruder Thomas<\/p>\n\n\n\n<p class=\"wp-block-paragraph\">Der Ordensmeister ist Leiter und Repr\u00e4sentant des Ordens, gemeinsam mit den anderen Mitgliedern der Ordensregierung vertritt er den Orden nach Innen und Au\u00dfen. Er hat den Vorsitz bei Regierungssitzungen und koordiniert die Arbeit des Ordenssenats. Als Leiter und Gastgeber des j\u00e4hrlichen Generalkapitels ist der Ordensmeister f\u00fcr die Aufstellung der Tagesordnung verantwortlich. Weiterhin vollzieht er die Riten des Ordens und zelebriert Ordensfeiern. Neben dem f\u00fchren und koordinieren der laufenden Gesch\u00e4fte, ist er auch geistiger Initiator und Steuerer des Ordens.<\/p>\n\n\n\n<h3 class=\"wp-block-heading\">Der Ordensschatzmeister<\/h3>\n\n\n\n<p class=\"wp-block-paragraph\">aktuell Ordensbruder Cornelius<\/p>\n\n\n\n<p class=\"wp-block-paragraph\">Der Ordensschatzmeister ist oberster H\u00fcter des Ordensschatzes. Er f\u00fchrt die Finanz- und Kassengesch\u00e4fte des Ordens. Neben der \u00dcberwachung des Beitragsaufkommens fallen auch die Einhaltung der gesetzlichen Vorgaben f\u00fcr die Gemeinn\u00fctzigkeit und die Verl\u00e4ngerung von Marken- und Bildrechten in die Verantwortung des Ordensschatzmeisters. Von ihm wird ein j\u00e4hrlicher Kassenbericht erstellt, dieser in den Kassenpr\u00fcfern vor dem Generalkapitel vorzulegen.<\/p>\n<\/div>\n\n\n\n<div class=\"wp-block-column is-layout-flow wp-block-column-is-layout-flow\">\n<h3 class=\"wp-block-heading\">Der Ordenskanzler<\/h3>\n\n\n\n<p class=\"wp-block-paragraph\">aktuell Ordensbruder Wolf<\/p>\n\n\n\n<p class=\"wp-block-paragraph\">Als Stellvertreter des Ordensmeisters unterst\u00fctzt er diesen bei der Arbeit im Orden. Er ist zust\u00e4ndig f\u00fcr die innere Ordnung im Orden und koordiniert in diesem Sinne die Komture und Ordenshausoffiziere. Gemeinsam mit dem Ordensmeister ist er inhaltlich und organisatorisch f\u00fcr das Generalkapitel und andere \u00fcberregionale Veranstaltungen verantwortlich. Er ist beauftragter bei Hilfsdiensten und Hilfswerken.<\/p>\n\n\n\n<h3 class=\"wp-block-heading\">Der Ordensscriptor<\/h3>\n\n\n\n<p class=\"wp-block-paragraph\">aktuell Ordensbruder Daniel<\/p>\n\n\n\n<p class=\"wp-block-paragraph\">Vom Ordensscriptor werden alle Ordensakten verwaltet und archiviert. Bei allen Sitzungen unter Beteiligung der Ordensregierung f\u00fchrt der Scriptor die Protokolle. Er unterst\u00fctzt die Ordensregierung durch die F\u00fchrung von Mitglieder- und Adresslisten sowie das versenden von Ordensinformationen und Rundschreiben.<\/p>\n<\/div>\n<\/div>\n","protected":false},"excerpt":{"rendered":"<p>Die Ordensregierung Die Ordensregierung entspricht dem vereinsrechtlichen Vorstand. Sie wird alle drei Jahre durch das Generalkapitel gew\u00e4hlt. Die Amtszeit der aktuellen Ordensregierung begann mit dem Generalkapitel 2022 in Hannover.&nbsp; Die Ordensregierung besteht aus drei vertretungsberechtigten Mitgliedern, dem Ordensmeister, dem Ordenskanzler und dem Ordensschatzmeister. Unterst\u00fctzt wird die Arbeit der Ordensregierung durch\u2026<\/p>\n<p> <a class=\"continue-reading-link\" href=\"https:\/\/tempelherrenorden.de\/cms\/organisation-des-deutschen-tempelherrenordens\/ordensregierung\/\"><span>Artikel lesen<\/span><i class=\"crycon-right-dir\"><\/i><\/a> <\/p>\n","protected":false},"author":10,"featured_media":0,"parent":19,"menu_order":1,"comment_status":"closed","ping_status":"closed","template":"templates\/template-onecolumn.php","meta":{"_crdt_document":"","jetpack_post_was_ever_published":false,"footnotes":""},"class_list":["post-1985","page","type-page","status-publish","hentry"],"yoast_head":"<!-- This site is optimized with the Yoast SEO plugin v27.3 - https:\/\/yoast.com\/product\/yoast-seo-wordpress\/ -->\n<title>Ordensregierung &#8226; Deutscher Tempelherren-Orden<\/title>\n<meta name=\"description\" content=\"Die Ordensregierung des Deutschen Tempelherren-Orden f\u00fchrt den Orden als gew\u00e4hlter Vorstand. Auf dieser Seite stellen wir uns vor.\" \/>\n<meta name=\"robots\" content=\"index, follow, max-snippet:-1, max-image-preview:large, max-video-preview:-1\" \/>\n<link rel=\"canonical\" href=\"https:\/\/tempelherrenorden.de\/cms\/organisation-des-deutschen-tempelherrenordens\/ordensregierung\/\" \/>\n<meta property=\"og:locale\" content=\"de_DE\" \/>\n<meta property=\"og:type\" content=\"article\" \/>\n<meta property=\"og:title\" content=\"Ordensregierung &#8226; Deutscher Tempelherren-Orden\" \/>\n<meta property=\"og:description\" content=\"Die Ordensregierung des Deutschen Tempelherren-Orden f\u00fchrt den Orden als gew\u00e4hlter Vorstand. Auf dieser Seite stellen wir uns vor.\" \/>\n<meta property=\"og:url\" content=\"https:\/\/tempelherrenorden.de\/cms\/organisation-des-deutschen-tempelherrenordens\/ordensregierung\/\" \/>\n<meta property=\"og:site_name\" content=\"Deutscher Tempelherren-Orden\" \/>\n<meta property=\"article:publisher\" content=\"https:\/\/www.facebook.com\/Deutscher-Tempelherren-Orden-OMCT-2054469481490772\/\" \/>\n<meta property=\"article:modified_time\" content=\"2023-11-01T19:19:09+00:00\" \/>\n<meta property=\"og:image\" content=\"https:\/\/tempelherrenorden.de\/cms\/wp-content\/uploads\/2018\/01\/OMCT-Wappen-852x1024.jpg\" \/>\n<meta name=\"twitter:card\" content=\"summary_large_image\" \/>\n<meta name=\"twitter:label1\" content=\"Gesch\u00e4tzte Lesezeit\" \/>\n\t<meta name=\"twitter:data1\" content=\"2\u00a0Minuten\" \/>\n<script type=\"application\/ld+json\" class=\"yoast-schema-graph\">{\"@context\":\"https:\\\/\\\/schema.org\",\"@graph\":[{\"@type\":\"WebPage\",\"@id\":\"https:\\\/\\\/tempelherrenorden.de\\\/cms\\\/organisation-des-deutschen-tempelherrenordens\\\/ordensregierung\\\/\",\"url\":\"https:\\\/\\\/tempelherrenorden.de\\\/cms\\\/organisation-des-deutschen-tempelherrenordens\\\/ordensregierung\\\/\",\"name\":\"Ordensregierung &#8226; Deutscher Tempelherren-Orden\",\"isPartOf\":{\"@id\":\"https:\\\/\\\/tempelherrenorden.de\\\/cms\\\/#website\"},\"primaryImageOfPage\":{\"@id\":\"https:\\\/\\\/tempelherrenorden.de\\\/cms\\\/organisation-des-deutschen-tempelherrenordens\\\/ordensregierung\\\/#primaryimage\"},\"image\":{\"@id\":\"https:\\\/\\\/tempelherrenorden.de\\\/cms\\\/organisation-des-deutschen-tempelherrenordens\\\/ordensregierung\\\/#primaryimage\"},\"thumbnailUrl\":\"https:\\\/\\\/tempelherrenorden.de\\\/cms\\\/wp-content\\\/uploads\\\/2018\\\/01\\\/OMCT-Wappen-852x1024.jpg\",\"datePublished\":\"2018-01-30T19:34:28+00:00\",\"dateModified\":\"2023-11-01T19:19:09+00:00\",\"description\":\"Die Ordensregierung des Deutschen Tempelherren-Orden f\u00fchrt den Orden als gew\u00e4hlter Vorstand. Auf dieser Seite stellen wir uns vor.\",\"breadcrumb\":{\"@id\":\"https:\\\/\\\/tempelherrenorden.de\\\/cms\\\/organisation-des-deutschen-tempelherrenordens\\\/ordensregierung\\\/#breadcrumb\"},\"inLanguage\":\"de\",\"potentialAction\":[{\"@type\":\"ReadAction\",\"target\":[\"https:\\\/\\\/tempelherrenorden.de\\\/cms\\\/organisation-des-deutschen-tempelherrenordens\\\/ordensregierung\\\/\"]}]},{\"@type\":\"ImageObject\",\"inLanguage\":\"de\",\"@id\":\"https:\\\/\\\/tempelherrenorden.de\\\/cms\\\/organisation-des-deutschen-tempelherrenordens\\\/ordensregierung\\\/#primaryimage\",\"url\":\"https:\\\/\\\/i0.wp.com\\\/tempelherrenorden.de\\\/cms\\\/wp-content\\\/uploads\\\/2018\\\/01\\\/OMCT-Wappen.jpg?fit=997%2C1198&ssl=1\",\"contentUrl\":\"https:\\\/\\\/i0.wp.com\\\/tempelherrenorden.de\\\/cms\\\/wp-content\\\/uploads\\\/2018\\\/01\\\/OMCT-Wappen.jpg?fit=997%2C1198&ssl=1\",\"width\":997,\"height\":1198,\"caption\":\"Das Ordenswappen\"},{\"@type\":\"BreadcrumbList\",\"@id\":\"https:\\\/\\\/tempelherrenorden.de\\\/cms\\\/organisation-des-deutschen-tempelherrenordens\\\/ordensregierung\\\/#breadcrumb\",\"itemListElement\":[{\"@type\":\"ListItem\",\"position\":1,\"name\":\"Startseite\",\"item\":\"https:\\\/\\\/tempelherrenorden.de\\\/cms\\\/\"},{\"@type\":\"ListItem\",\"position\":2,\"name\":\"Organisation\",\"item\":\"https:\\\/\\\/tempelherrenorden.de\\\/cms\\\/organisation-des-deutschen-tempelherrenordens\\\/\"},{\"@type\":\"ListItem\",\"position\":3,\"name\":\"Ordensregierung\"}]},{\"@type\":\"WebSite\",\"@id\":\"https:\\\/\\\/tempelherrenorden.de\\\/cms\\\/#website\",\"url\":\"https:\\\/\\\/tempelherrenorden.de\\\/cms\\\/\",\"name\":\"Deutscher Tempelherren-Orden\",\"description\":\"\",\"publisher\":{\"@id\":\"https:\\\/\\\/tempelherrenorden.de\\\/cms\\\/#organization\"},\"potentialAction\":[{\"@type\":\"SearchAction\",\"target\":{\"@type\":\"EntryPoint\",\"urlTemplate\":\"https:\\\/\\\/tempelherrenorden.de\\\/cms\\\/?s={search_term_string}\"},\"query-input\":{\"@type\":\"PropertyValueSpecification\",\"valueRequired\":true,\"valueName\":\"search_term_string\"}}],\"inLanguage\":\"de\"},{\"@type\":\"Organization\",\"@id\":\"https:\\\/\\\/tempelherrenorden.de\\\/cms\\\/#organization\",\"name\":\"Deutscher Tempelherren-Orden OMCT e.V.\",\"url\":\"https:\\\/\\\/tempelherrenorden.de\\\/cms\\\/\",\"logo\":{\"@type\":\"ImageObject\",\"inLanguage\":\"de\",\"@id\":\"https:\\\/\\\/tempelherrenorden.de\\\/cms\\\/#\\\/schema\\\/logo\\\/image\\\/\",\"url\":\"https:\\\/\\\/i0.wp.com\\\/tempelherrenorden.de\\\/cms\\\/wp-content\\\/uploads\\\/2018\\\/01\\\/OMCT-Wappen.jpg?fit=997%2C1198&ssl=1\",\"contentUrl\":\"https:\\\/\\\/i0.wp.com\\\/tempelherrenorden.de\\\/cms\\\/wp-content\\\/uploads\\\/2018\\\/01\\\/OMCT-Wappen.jpg?fit=997%2C1198&ssl=1\",\"width\":997,\"height\":1198,\"caption\":\"Deutscher Tempelherren-Orden OMCT e.V.\"},\"image\":{\"@id\":\"https:\\\/\\\/tempelherrenorden.de\\\/cms\\\/#\\\/schema\\\/logo\\\/image\\\/\"},\"sameAs\":[\"https:\\\/\\\/www.facebook.com\\\/Deutscher-Tempelherren-Orden-OMCT-2054469481490772\\\/\"]}]}<\/script>\n<!-- \/ Yoast SEO plugin. -->","yoast_head_json":{"title":"Ordensregierung &#8226; Deutscher Tempelherren-Orden","description":"Die Ordensregierung des Deutschen Tempelherren-Orden f\u00fchrt den Orden als gew\u00e4hlter Vorstand. Auf dieser Seite stellen wir uns vor.","robots":{"index":"index","follow":"follow","max-snippet":"max-snippet:-1","max-image-preview":"max-image-preview:large","max-video-preview":"max-video-preview:-1"},"canonical":"https:\/\/tempelherrenorden.de\/cms\/organisation-des-deutschen-tempelherrenordens\/ordensregierung\/","og_locale":"de_DE","og_type":"article","og_title":"Ordensregierung &#8226; Deutscher Tempelherren-Orden","og_description":"Die Ordensregierung des Deutschen Tempelherren-Orden f\u00fchrt den Orden als gew\u00e4hlter Vorstand. Auf dieser Seite stellen wir uns vor.","og_url":"https:\/\/tempelherrenorden.de\/cms\/organisation-des-deutschen-tempelherrenordens\/ordensregierung\/","og_site_name":"Deutscher Tempelherren-Orden","article_publisher":"https:\/\/www.facebook.com\/Deutscher-Tempelherren-Orden-OMCT-2054469481490772\/","article_modified_time":"2023-11-01T19:19:09+00:00","og_image":[{"url":"https:\/\/tempelherrenorden.de\/cms\/wp-content\/uploads\/2018\/01\/OMCT-Wappen-852x1024.jpg","type":"","width":"","height":""}],"twitter_card":"summary_large_image","twitter_misc":{"Gesch\u00e4tzte Lesezeit":"2\u00a0Minuten"},"schema":{"@context":"https:\/\/schema.org","@graph":[{"@type":"WebPage","@id":"https:\/\/tempelherrenorden.de\/cms\/organisation-des-deutschen-tempelherrenordens\/ordensregierung\/","url":"https:\/\/tempelherrenorden.de\/cms\/organisation-des-deutschen-tempelherrenordens\/ordensregierung\/","name":"Ordensregierung &#8226; Deutscher Tempelherren-Orden","isPartOf":{"@id":"https:\/\/tempelherrenorden.de\/cms\/#website"},"primaryImageOfPage":{"@id":"https:\/\/tempelherrenorden.de\/cms\/organisation-des-deutschen-tempelherrenordens\/ordensregierung\/#primaryimage"},"image":{"@id":"https:\/\/tempelherrenorden.de\/cms\/organisation-des-deutschen-tempelherrenordens\/ordensregierung\/#primaryimage"},"thumbnailUrl":"https:\/\/tempelherrenorden.de\/cms\/wp-content\/uploads\/2018\/01\/OMCT-Wappen-852x1024.jpg","datePublished":"2018-01-30T19:34:28+00:00","dateModified":"2023-11-01T19:19:09+00:00","description":"Die Ordensregierung des Deutschen Tempelherren-Orden f\u00fchrt den Orden als gew\u00e4hlter Vorstand. Auf dieser Seite stellen wir uns vor.","breadcrumb":{"@id":"https:\/\/tempelherrenorden.de\/cms\/organisation-des-deutschen-tempelherrenordens\/ordensregierung\/#breadcrumb"},"inLanguage":"de","potentialAction":[{"@type":"ReadAction","target":["https:\/\/tempelherrenorden.de\/cms\/organisation-des-deutschen-tempelherrenordens\/ordensregierung\/"]}]},{"@type":"ImageObject","inLanguage":"de","@id":"https:\/\/tempelherrenorden.de\/cms\/organisation-des-deutschen-tempelherrenordens\/ordensregierung\/#primaryimage","url":"https:\/\/i0.wp.com\/tempelherrenorden.de\/cms\/wp-content\/uploads\/2018\/01\/OMCT-Wappen.jpg?fit=997%2C1198&ssl=1","contentUrl":"https:\/\/i0.wp.com\/tempelherrenorden.de\/cms\/wp-content\/uploads\/2018\/01\/OMCT-Wappen.jpg?fit=997%2C1198&ssl=1","width":997,"height":1198,"caption":"Das Ordenswappen"},{"@type":"BreadcrumbList","@id":"https:\/\/tempelherrenorden.de\/cms\/organisation-des-deutschen-tempelherrenordens\/ordensregierung\/#breadcrumb","itemListElement":[{"@type":"ListItem","position":1,"name":"Startseite","item":"https:\/\/tempelherrenorden.de\/cms\/"},{"@type":"ListItem","position":2,"name":"Organisation","item":"https:\/\/tempelherrenorden.de\/cms\/organisation-des-deutschen-tempelherrenordens\/"},{"@type":"ListItem","position":3,"name":"Ordensregierung"}]},{"@type":"WebSite","@id":"https:\/\/tempelherrenorden.de\/cms\/#website","url":"https:\/\/tempelherrenorden.de\/cms\/","name":"Deutscher Tempelherren-Orden","description":"","publisher":{"@id":"https:\/\/tempelherrenorden.de\/cms\/#organization"},"potentialAction":[{"@type":"SearchAction","target":{"@type":"EntryPoint","urlTemplate":"https:\/\/tempelherrenorden.de\/cms\/?s={search_term_string}"},"query-input":{"@type":"PropertyValueSpecification","valueRequired":true,"valueName":"search_term_string"}}],"inLanguage":"de"},{"@type":"Organization","@id":"https:\/\/tempelherrenorden.de\/cms\/#organization","name":"Deutscher Tempelherren-Orden OMCT e.V.","url":"https:\/\/tempelherrenorden.de\/cms\/","logo":{"@type":"ImageObject","inLanguage":"de","@id":"https:\/\/tempelherrenorden.de\/cms\/#\/schema\/logo\/image\/","url":"https:\/\/i0.wp.com\/tempelherrenorden.de\/cms\/wp-content\/uploads\/2018\/01\/OMCT-Wappen.jpg?fit=997%2C1198&ssl=1","contentUrl":"https:\/\/i0.wp.com\/tempelherrenorden.de\/cms\/wp-content\/uploads\/2018\/01\/OMCT-Wappen.jpg?fit=997%2C1198&ssl=1","width":997,"height":1198,"caption":"Deutscher Tempelherren-Orden OMCT e.V."},"image":{"@id":"https:\/\/tempelherrenorden.de\/cms\/#\/schema\/logo\/image\/"},"sameAs":["https:\/\/www.facebook.com\/Deutscher-Tempelherren-Orden-OMCT-2054469481490772\/"]}]}},"jetpack_shortlink":"https:\/\/wp.me\/P5yQvL-w1","jetpack_sharing_enabled":true,"_links":{"self":[{"href":"https:\/\/tempelherrenorden.de\/cms\/wp-json\/wp\/v2\/pages\/1985","targetHints":{"allow":["GET"]}}],"collection":[{"href":"https:\/\/tempelherrenorden.de\/cms\/wp-json\/wp\/v2\/pages"}],"about":[{"href":"https:\/\/tempelherrenorden.de\/cms\/wp-json\/wp\/v2\/types\/page"}],"author":[{"embeddable":true,"href":"https:\/\/tempelherrenorden.de\/cms\/wp-json\/wp\/v2\/users\/10"}],"replies":[{"embeddable":true,"href":"https:\/\/tempelherrenorden.de\/cms\/wp-json\/wp\/v2\/comments?post=1985"}],"version-history":[{"count":29,"href":"https:\/\/tempelherrenorden.de\/cms\/wp-json\/wp\/v2\/pages\/1985\/revisions"}],"predecessor-version":[{"id":4903,"href":"https:\/\/tempelherrenorden.de\/cms\/wp-json\/wp\/v2\/pages\/1985\/revisions\/4903"}],"up":[{"embeddable":true,"href":"https:\/\/tempelherrenorden.de\/cms\/wp-json\/wp\/v2\/pages\/19"}],"wp:attachment":[{"href":"https:\/\/tempelherrenorden.de\/cms\/wp-json\/wp\/v2\/media?parent=1985"}],"curies":[{"name":"wp","href":"https:\/\/api.w.org\/{rel}","templated":true}]}}