{"id":1992,"date":"2018-02-10T15:06:31","date_gmt":"2018-02-10T14:06:31","guid":{"rendered":"http:\/\/tempelherrenorden.de\/cms\/?page_id=1992"},"modified":"2022-01-16T16:17:49","modified_gmt":"2022-01-16T15:17:49","slug":"ordenshaus-belgien","status":"publish","type":"page","link":"https:\/\/tempelherrenorden.de\/cms\/organisation-des-deutschen-tempelherrenordens\/komtureien-und-ordenshaeuser\/ordenshaus-belgien\/","title":{"rendered":"Ordenshaus Belgien"},"content":{"rendered":"\n<div class=\"wp-block-columns is-layout-flex wp-container-core-columns-is-layout-8f761849 wp-block-columns-is-layout-flex\">\n<div class=\"wp-block-column is-layout-flow wp-block-column-is-layout-flow\">\n<h2 class=\"wp-block-heading\" id=\"ordenshaus-belgien\">Ordenshaus Belgien<\/h2>\n\n\n\n<ul class=\"wp-block-list\"><li>Komtur: Obr. Wim<\/li><li>gegr\u00fcndet: &#8211; <\/li><li>Ort: Belgien<\/li><li>Kontakt: \n<a href=\"#\" class=\"cryptedmail\" data-name=\"Ordenshaus-Belgien\" data-domain=\"tempelherrenorden\" data-tld=\"de\" onclick=\"window.location.href = 'mailto:' + this.dataset.name + '@' + this.dataset.domain + '.' + this.dataset.tld; return false;\"><\/a>\n<\/li><\/ul>\n<\/div>\n\n\n\n<div class=\"wp-block-column is-layout-flow wp-block-column-is-layout-flow\">\n<div class=\"wp-block-columns is-layout-flex wp-container-core-columns-is-layout-8f761849 wp-block-columns-is-layout-flex\">\n<div class=\"wp-block-column is-layout-flow wp-block-column-is-layout-flow\">\n<div class=\"wp-block-webfactory-map\"><div class=\"wp-block-webfactory-map\"><iframe loading=\"lazy\" width=\"100%\" height=\"300px\" src=\"https:\/\/www.google.com\/maps\/embed\/v1\/place?q=Antwerpen%20Belgien&amp;maptype=roadmap&amp;zoom=10&amp;key=AIzaSyAaPfoa2eTHVuCxYkW2TimRHiSfTEp9t94\" frameborder=\"0\"><\/iframe><\/div><\/div>\n<\/div>\n\n\n\n<div class=\"wp-block-column is-layout-flow wp-block-column-is-layout-flow\">\n<figure class=\"wp-block-image size-large\"><a  href=\"https:\/\/i0.wp.com\/tempelherrenorden.de\/cms\/wp-content\/uploads\/2018\/04\/Belgien.jpg?ssl=1\" data-rel=\"lightbox-gallery-0\" data-rl_title=\"\" data-rl_caption=\"\" title=\"\"><img data-recalc-dims=\"1\" loading=\"lazy\" decoding=\"async\" width=\"864\" height=\"990\" data-attachment-id=\"2477\" data-permalink=\"https:\/\/tempelherrenorden.de\/cms\/organisation-des-deutschen-tempelherrenordens\/komtureien-und-ordenshaeuser\/ordenshaus-belgien\/belgien\/\" data-orig-file=\"https:\/\/i0.wp.com\/tempelherrenorden.de\/cms\/wp-content\/uploads\/2018\/04\/Belgien.jpg?fit=864%2C990&amp;ssl=1\" data-orig-size=\"864,990\" data-comments-opened=\"0\" data-image-meta=\"{&quot;aperture&quot;:&quot;0&quot;,&quot;credit&quot;:&quot;Eder&quot;,&quot;camera&quot;:&quot;&quot;,&quot;caption&quot;:&quot;&quot;,&quot;created_timestamp&quot;:&quot;1522316428&quot;,&quot;copyright&quot;:&quot;&quot;,&quot;focal_length&quot;:&quot;0&quot;,&quot;iso&quot;:&quot;0&quot;,&quot;shutter_speed&quot;:&quot;0&quot;,&quot;title&quot;:&quot;&quot;,&quot;orientation&quot;:&quot;0&quot;}\" data-image-title=\"Belgien\" data-image-description=\"\" data-image-caption=\"\" data-large-file=\"https:\/\/i0.wp.com\/tempelherrenorden.de\/cms\/wp-content\/uploads\/2018\/04\/Belgien.jpg?fit=864%2C990&amp;ssl=1\" src=\"https:\/\/i0.wp.com\/tempelherrenorden.de\/cms\/wp-content\/uploads\/2018\/04\/Belgien.jpg?resize=864%2C990&#038;ssl=1\" alt=\"\" class=\"wp-image-2477\" srcset=\"https:\/\/i0.wp.com\/tempelherrenorden.de\/cms\/wp-content\/uploads\/2018\/04\/Belgien.jpg?w=864&amp;ssl=1 864w, https:\/\/i0.wp.com\/tempelherrenorden.de\/cms\/wp-content\/uploads\/2018\/04\/Belgien.jpg?resize=262%2C300&amp;ssl=1 262w, https:\/\/i0.wp.com\/tempelherrenorden.de\/cms\/wp-content\/uploads\/2018\/04\/Belgien.jpg?resize=768%2C880&amp;ssl=1 768w, https:\/\/i0.wp.com\/tempelherrenorden.de\/cms\/wp-content\/uploads\/2018\/04\/Belgien.jpg?resize=131%2C150&amp;ssl=1 131w\" sizes=\"auto, (max-width: 864px) 100vw, 864px\" \/><\/a><figcaption>Wappen des Ordenshaus<\/figcaption><\/figure>\n<\/div>\n<\/div>\n<\/div>\n<\/div>\n\n\n\n<div style=\"height:20px\" aria-hidden=\"true\" class=\"wp-block-spacer\"><\/div>\n\n\n\n<h3 class=\"wp-block-heading\" id=\"geschichte-des-ordenshauses-belgien\">Geschichte des Ordenshauses Belgien<\/h3>\n\n\n\n<p class=\"wp-block-paragraph\">In Belgien bestand seit der\nGr\u00fcndungszeit des OMCT ein eigenes Priorat mit mehreren Komtureien.<\/p>\n\n\n\n<p class=\"wp-block-paragraph\">Der OMCT-Belgien geh\u00f6rte 1996 zu den Gr\u00fcndungsmitgliedern des europ\u00e4ischen Dachverbands OMT (Ordo Militiae Templi). Aber es fehlte an Nachwuchs. Der bis dahin selbstst\u00e4ndige OMCT-Belgien trat 2009 dem deutschen OMCT als Komturei Flandern\/Belgien bei. Zum Komtur wurde auf dem 52. Generalkapitel in Maulbronn Daniel Beekmans de Schore bestellt. Ihm zur Seite stand als Ordenssekret\u00e4r Wilhelmus (Wim) van der Wolf, der seit dem 61. Generalkapitel 2018 in Hannover nunmehr die Komturw\u00fcrde innehat.<\/p>\n\n\n\n<p class=\"wp-block-paragraph\">Das Ordenshaus Belgien wird durch die Komturei Michaelis betreut. Aus Traditionsgr\u00fcnden hat der Leiter des Ordenshaus dennoch die Komturenw\u00fcrde.<\/p>\n\n\n\n<div class=\"wp-block-columns is-layout-flex wp-container-core-columns-is-layout-8f761849 wp-block-columns-is-layout-flex\">\n<div class=\"wp-block-column is-layout-flow wp-block-column-is-layout-flow\" style=\"flex-basis:40%\">\n<h3 class=\"wp-block-heading\" id=\"beitrage-des-ordenshauses-belgien\">Beitr\u00e4ge des Ordenshauses Belgien<\/h3>\n\n\n\n\n<\/div>\n\n\n\n<div class=\"wp-block-column is-layout-flow wp-block-column-is-layout-flow\" style=\"flex-basis:20%\"><\/div>\n\n\n\n<div class=\"wp-block-column is-layout-flow wp-block-column-is-layout-flow\" style=\"flex-basis:40%\">\n<h3 class=\"wp-block-heading\" id=\"termine-des-ordenshauses-belgien\">Termine des Ordenshauses Belgien<\/h3>\n\n\n\n\n\t\t\t\t<div class=\"event-list\">\n\t\t\t\t<style type=\"text\/css\">\n\t\t\t\t\t.filterbar { display:table; width:100% }\n\t\t\t\t\t.filterbar > div { display:table-cell }\n\t\t\t\t<\/style>\n\t\t\t\t<!--[if lte IE 7]>\n\t\t\t\t<style>.filterbar > div { float:left }<\/style>\n\t\t\t\t<![endif]-->\n\t\t\t\t<div class=\"filterbar subsubsub\">\n\t\t\t\t\t<div style=\"text-align:left\"><ul class=\"hlist\"><li><a href=\"https:\/\/tempelherrenorden.de\/cms\/organisation-des-deutschen-tempelherrenordens\/komtureien-und-ordenshaeuser\/ordenshaus-belgien\/?date1=all\">Alle<\/a><\/li><li><strong>Anstehend<\/strong><\/li><\/ul>\n\t\t\t\t\t<\/div><\/div><p>Keine Veranstaltung<\/p>\n\t\t\t\t<\/div>\n<\/div>\n<\/div>\n","protected":false},"excerpt":{"rendered":"<p>Ordenshaus Belgien Komtur: Obr. Wim gegr\u00fcndet: &#8211; Ort: Belgien Kontakt: Geschichte des Ordenshauses Belgien In Belgien bestand seit der Gr\u00fcndungszeit des OMCT ein eigenes Priorat mit mehreren Komtureien. Der OMCT-Belgien geh\u00f6rte 1996 zu den Gr\u00fcndungsmitgliedern des europ\u00e4ischen Dachverbands OMT (Ordo Militiae Templi). Aber es fehlte an Nachwuchs. Der bis dahin\u2026<\/p>\n<p> <a class=\"continue-reading-link\" href=\"https:\/\/tempelherrenorden.de\/cms\/organisation-des-deutschen-tempelherrenordens\/komtureien-und-ordenshaeuser\/ordenshaus-belgien\/\"><span>Artikel lesen<\/span><i class=\"crycon-right-dir\"><\/i><\/a> <\/p>\n","protected":false},"author":10,"featured_media":0,"parent":1968,"menu_order":5,"comment_status":"closed","ping_status":"closed","template":"templates\/template-onecolumn.php","meta":{"_crdt_document":"","jetpack_post_was_ever_published":false,"footnotes":""},"class_list":["post-1992","page","type-page","status-publish","hentry"],"yoast_head":"<!-- This site is optimized with the Yoast SEO plugin v27.5 - https:\/\/yoast.com\/product\/yoast-seo-wordpress\/ -->\n<title>Ordenshaus Belgien &#8226; Deutscher Tempelherren-Orden<\/title>\n<meta name=\"robots\" content=\"index, follow, max-snippet:-1, max-image-preview:large, max-video-preview:-1\" \/>\n<link rel=\"canonical\" href=\"https:\/\/tempelherrenorden.de\/cms\/organisation-des-deutschen-tempelherrenordens\/komtureien-und-ordenshaeuser\/ordenshaus-belgien\/\" \/>\n<meta property=\"og:locale\" content=\"de_DE\" \/>\n<meta property=\"og:type\" content=\"article\" \/>\n<meta property=\"og:title\" content=\"Ordenshaus Belgien &#8226; Deutscher Tempelherren-Orden\" \/>\n<meta property=\"og:description\" content=\"Ordenshaus Belgien Komtur: Obr. Wim gegr\u00fcndet: &#8211; Ort: Belgien Kontakt: Geschichte des Ordenshauses Belgien In Belgien bestand seit der Gr\u00fcndungszeit des OMCT ein eigenes Priorat mit mehreren Komtureien. Der OMCT-Belgien geh\u00f6rte 1996 zu den Gr\u00fcndungsmitgliedern des europ\u00e4ischen Dachverbands OMT (Ordo Militiae Templi). Aber es fehlte an Nachwuchs. Der bis dahin\u2026 Artikel lesen\" \/>\n<meta property=\"og:url\" content=\"https:\/\/tempelherrenorden.de\/cms\/organisation-des-deutschen-tempelherrenordens\/komtureien-und-ordenshaeuser\/ordenshaus-belgien\/\" \/>\n<meta property=\"og:site_name\" content=\"Deutscher Tempelherren-Orden\" \/>\n<meta property=\"article:publisher\" content=\"https:\/\/www.facebook.com\/Deutscher-Tempelherren-Orden-OMCT-2054469481490772\/\" \/>\n<meta property=\"article:modified_time\" content=\"2022-01-16T15:17:49+00:00\" \/>\n<meta property=\"og:image\" content=\"https:\/\/tempelherrenorden.de\/cms\/wp-content\/uploads\/2018\/04\/Belgien.jpg\" \/>\n<meta name=\"twitter:card\" content=\"summary_large_image\" \/>\n<meta name=\"twitter:label1\" content=\"Gesch\u00e4tzte Lesezeit\" \/>\n\t<meta name=\"twitter:data1\" content=\"1\u00a0Minute\" \/>\n<script type=\"application\/ld+json\" class=\"yoast-schema-graph\">{\"@context\":\"https:\\\/\\\/schema.org\",\"@graph\":[{\"@type\":\"WebPage\",\"@id\":\"https:\\\/\\\/tempelherrenorden.de\\\/cms\\\/organisation-des-deutschen-tempelherrenordens\\\/komtureien-und-ordenshaeuser\\\/ordenshaus-belgien\\\/\",\"url\":\"https:\\\/\\\/tempelherrenorden.de\\\/cms\\\/organisation-des-deutschen-tempelherrenordens\\\/komtureien-und-ordenshaeuser\\\/ordenshaus-belgien\\\/\",\"name\":\"Ordenshaus Belgien &#8226; Deutscher Tempelherren-Orden\",\"isPartOf\":{\"@id\":\"https:\\\/\\\/tempelherrenorden.de\\\/cms\\\/#website\"},\"primaryImageOfPage\":{\"@id\":\"https:\\\/\\\/tempelherrenorden.de\\\/cms\\\/organisation-des-deutschen-tempelherrenordens\\\/komtureien-und-ordenshaeuser\\\/ordenshaus-belgien\\\/#primaryimage\"},\"image\":{\"@id\":\"https:\\\/\\\/tempelherrenorden.de\\\/cms\\\/organisation-des-deutschen-tempelherrenordens\\\/komtureien-und-ordenshaeuser\\\/ordenshaus-belgien\\\/#primaryimage\"},\"thumbnailUrl\":\"https:\\\/\\\/tempelherrenorden.de\\\/cms\\\/wp-content\\\/uploads\\\/2018\\\/04\\\/Belgien.jpg\",\"datePublished\":\"2018-02-10T14:06:31+00:00\",\"dateModified\":\"2022-01-16T15:17:49+00:00\",\"breadcrumb\":{\"@id\":\"https:\\\/\\\/tempelherrenorden.de\\\/cms\\\/organisation-des-deutschen-tempelherrenordens\\\/komtureien-und-ordenshaeuser\\\/ordenshaus-belgien\\\/#breadcrumb\"},\"inLanguage\":\"de\",\"potentialAction\":[{\"@type\":\"ReadAction\",\"target\":[\"https:\\\/\\\/tempelherrenorden.de\\\/cms\\\/organisation-des-deutschen-tempelherrenordens\\\/komtureien-und-ordenshaeuser\\\/ordenshaus-belgien\\\/\"]}]},{\"@type\":\"ImageObject\",\"inLanguage\":\"de\",\"@id\":\"https:\\\/\\\/tempelherrenorden.de\\\/cms\\\/organisation-des-deutschen-tempelherrenordens\\\/komtureien-und-ordenshaeuser\\\/ordenshaus-belgien\\\/#primaryimage\",\"url\":\"https:\\\/\\\/i0.wp.com\\\/tempelherrenorden.de\\\/cms\\\/wp-content\\\/uploads\\\/2018\\\/04\\\/Belgien.jpg?fit=864%2C990&ssl=1\",\"contentUrl\":\"https:\\\/\\\/i0.wp.com\\\/tempelherrenorden.de\\\/cms\\\/wp-content\\\/uploads\\\/2018\\\/04\\\/Belgien.jpg?fit=864%2C990&ssl=1\",\"width\":864,\"height\":990},{\"@type\":\"BreadcrumbList\",\"@id\":\"https:\\\/\\\/tempelherrenorden.de\\\/cms\\\/organisation-des-deutschen-tempelherrenordens\\\/komtureien-und-ordenshaeuser\\\/ordenshaus-belgien\\\/#breadcrumb\",\"itemListElement\":[{\"@type\":\"ListItem\",\"position\":1,\"name\":\"Startseite\",\"item\":\"https:\\\/\\\/tempelherrenorden.de\\\/cms\\\/\"},{\"@type\":\"ListItem\",\"position\":2,\"name\":\"Organisation\",\"item\":\"https:\\\/\\\/tempelherrenorden.de\\\/cms\\\/organisation-des-deutschen-tempelherrenordens\\\/\"},{\"@type\":\"ListItem\",\"position\":3,\"name\":\"Komtureien und Ordensh\u00e4user\",\"item\":\"https:\\\/\\\/tempelherrenorden.de\\\/cms\\\/organisation-des-deutschen-tempelherrenordens\\\/komtureien-und-ordenshaeuser\\\/\"},{\"@type\":\"ListItem\",\"position\":4,\"name\":\"Ordenshaus Belgien\"}]},{\"@type\":\"WebSite\",\"@id\":\"https:\\\/\\\/tempelherrenorden.de\\\/cms\\\/#website\",\"url\":\"https:\\\/\\\/tempelherrenorden.de\\\/cms\\\/\",\"name\":\"Deutscher Tempelherren-Orden\",\"description\":\"\",\"publisher\":{\"@id\":\"https:\\\/\\\/tempelherrenorden.de\\\/cms\\\/#organization\"},\"potentialAction\":[{\"@type\":\"SearchAction\",\"target\":{\"@type\":\"EntryPoint\",\"urlTemplate\":\"https:\\\/\\\/tempelherrenorden.de\\\/cms\\\/?s={search_term_string}\"},\"query-input\":{\"@type\":\"PropertyValueSpecification\",\"valueRequired\":true,\"valueName\":\"search_term_string\"}}],\"inLanguage\":\"de\"},{\"@type\":\"Organization\",\"@id\":\"https:\\\/\\\/tempelherrenorden.de\\\/cms\\\/#organization\",\"name\":\"Deutscher Tempelherren-Orden OMCT e.V.\",\"url\":\"https:\\\/\\\/tempelherrenorden.de\\\/cms\\\/\",\"logo\":{\"@type\":\"ImageObject\",\"inLanguage\":\"de\",\"@id\":\"https:\\\/\\\/tempelherrenorden.de\\\/cms\\\/#\\\/schema\\\/logo\\\/image\\\/\",\"url\":\"https:\\\/\\\/i0.wp.com\\\/tempelherrenorden.de\\\/cms\\\/wp-content\\\/uploads\\\/2018\\\/01\\\/OMCT-Wappen.jpg?fit=997%2C1198&ssl=1\",\"contentUrl\":\"https:\\\/\\\/i0.wp.com\\\/tempelherrenorden.de\\\/cms\\\/wp-content\\\/uploads\\\/2018\\\/01\\\/OMCT-Wappen.jpg?fit=997%2C1198&ssl=1\",\"width\":997,\"height\":1198,\"caption\":\"Deutscher Tempelherren-Orden OMCT e.V.\"},\"image\":{\"@id\":\"https:\\\/\\\/tempelherrenorden.de\\\/cms\\\/#\\\/schema\\\/logo\\\/image\\\/\"},\"sameAs\":[\"https:\\\/\\\/www.facebook.com\\\/Deutscher-Tempelherren-Orden-OMCT-2054469481490772\\\/\"]}]}<\/script>\n<!-- \/ Yoast SEO plugin. -->","yoast_head_json":{"title":"Ordenshaus Belgien &#8226; Deutscher Tempelherren-Orden","robots":{"index":"index","follow":"follow","max-snippet":"max-snippet:-1","max-image-preview":"max-image-preview:large","max-video-preview":"max-video-preview:-1"},"canonical":"https:\/\/tempelherrenorden.de\/cms\/organisation-des-deutschen-tempelherrenordens\/komtureien-und-ordenshaeuser\/ordenshaus-belgien\/","og_locale":"de_DE","og_type":"article","og_title":"Ordenshaus Belgien &#8226; Deutscher Tempelherren-Orden","og_description":"Ordenshaus Belgien Komtur: Obr. Wim gegr\u00fcndet: &#8211; Ort: Belgien Kontakt: Geschichte des Ordenshauses Belgien In Belgien bestand seit der Gr\u00fcndungszeit des OMCT ein eigenes Priorat mit mehreren Komtureien. Der OMCT-Belgien geh\u00f6rte 1996 zu den Gr\u00fcndungsmitgliedern des europ\u00e4ischen Dachverbands OMT (Ordo Militiae Templi). Aber es fehlte an Nachwuchs. Der bis dahin\u2026 Artikel lesen","og_url":"https:\/\/tempelherrenorden.de\/cms\/organisation-des-deutschen-tempelherrenordens\/komtureien-und-ordenshaeuser\/ordenshaus-belgien\/","og_site_name":"Deutscher Tempelherren-Orden","article_publisher":"https:\/\/www.facebook.com\/Deutscher-Tempelherren-Orden-OMCT-2054469481490772\/","article_modified_time":"2022-01-16T15:17:49+00:00","og_image":[{"url":"https:\/\/tempelherrenorden.de\/cms\/wp-content\/uploads\/2018\/04\/Belgien.jpg","type":"","width":"","height":""}],"twitter_card":"summary_large_image","twitter_misc":{"Gesch\u00e4tzte Lesezeit":"1\u00a0Minute"},"schema":{"@context":"https:\/\/schema.org","@graph":[{"@type":"WebPage","@id":"https:\/\/tempelherrenorden.de\/cms\/organisation-des-deutschen-tempelherrenordens\/komtureien-und-ordenshaeuser\/ordenshaus-belgien\/","url":"https:\/\/tempelherrenorden.de\/cms\/organisation-des-deutschen-tempelherrenordens\/komtureien-und-ordenshaeuser\/ordenshaus-belgien\/","name":"Ordenshaus Belgien &#8226; Deutscher Tempelherren-Orden","isPartOf":{"@id":"https:\/\/tempelherrenorden.de\/cms\/#website"},"primaryImageOfPage":{"@id":"https:\/\/tempelherrenorden.de\/cms\/organisation-des-deutschen-tempelherrenordens\/komtureien-und-ordenshaeuser\/ordenshaus-belgien\/#primaryimage"},"image":{"@id":"https:\/\/tempelherrenorden.de\/cms\/organisation-des-deutschen-tempelherrenordens\/komtureien-und-ordenshaeuser\/ordenshaus-belgien\/#primaryimage"},"thumbnailUrl":"https:\/\/tempelherrenorden.de\/cms\/wp-content\/uploads\/2018\/04\/Belgien.jpg","datePublished":"2018-02-10T14:06:31+00:00","dateModified":"2022-01-16T15:17:49+00:00","breadcrumb":{"@id":"https:\/\/tempelherrenorden.de\/cms\/organisation-des-deutschen-tempelherrenordens\/komtureien-und-ordenshaeuser\/ordenshaus-belgien\/#breadcrumb"},"inLanguage":"de","potentialAction":[{"@type":"ReadAction","target":["https:\/\/tempelherrenorden.de\/cms\/organisation-des-deutschen-tempelherrenordens\/komtureien-und-ordenshaeuser\/ordenshaus-belgien\/"]}]},{"@type":"ImageObject","inLanguage":"de","@id":"https:\/\/tempelherrenorden.de\/cms\/organisation-des-deutschen-tempelherrenordens\/komtureien-und-ordenshaeuser\/ordenshaus-belgien\/#primaryimage","url":"https:\/\/i0.wp.com\/tempelherrenorden.de\/cms\/wp-content\/uploads\/2018\/04\/Belgien.jpg?fit=864%2C990&ssl=1","contentUrl":"https:\/\/i0.wp.com\/tempelherrenorden.de\/cms\/wp-content\/uploads\/2018\/04\/Belgien.jpg?fit=864%2C990&ssl=1","width":864,"height":990},{"@type":"BreadcrumbList","@id":"https:\/\/tempelherrenorden.de\/cms\/organisation-des-deutschen-tempelherrenordens\/komtureien-und-ordenshaeuser\/ordenshaus-belgien\/#breadcrumb","itemListElement":[{"@type":"ListItem","position":1,"name":"Startseite","item":"https:\/\/tempelherrenorden.de\/cms\/"},{"@type":"ListItem","position":2,"name":"Organisation","item":"https:\/\/tempelherrenorden.de\/cms\/organisation-des-deutschen-tempelherrenordens\/"},{"@type":"ListItem","position":3,"name":"Komtureien und Ordensh\u00e4user","item":"https:\/\/tempelherrenorden.de\/cms\/organisation-des-deutschen-tempelherrenordens\/komtureien-und-ordenshaeuser\/"},{"@type":"ListItem","position":4,"name":"Ordenshaus Belgien"}]},{"@type":"WebSite","@id":"https:\/\/tempelherrenorden.de\/cms\/#website","url":"https:\/\/tempelherrenorden.de\/cms\/","name":"Deutscher Tempelherren-Orden","description":"","publisher":{"@id":"https:\/\/tempelherrenorden.de\/cms\/#organization"},"potentialAction":[{"@type":"SearchAction","target":{"@type":"EntryPoint","urlTemplate":"https:\/\/tempelherrenorden.de\/cms\/?s={search_term_string}"},"query-input":{"@type":"PropertyValueSpecification","valueRequired":true,"valueName":"search_term_string"}}],"inLanguage":"de"},{"@type":"Organization","@id":"https:\/\/tempelherrenorden.de\/cms\/#organization","name":"Deutscher Tempelherren-Orden OMCT e.V.","url":"https:\/\/tempelherrenorden.de\/cms\/","logo":{"@type":"ImageObject","inLanguage":"de","@id":"https:\/\/tempelherrenorden.de\/cms\/#\/schema\/logo\/image\/","url":"https:\/\/i0.wp.com\/tempelherrenorden.de\/cms\/wp-content\/uploads\/2018\/01\/OMCT-Wappen.jpg?fit=997%2C1198&ssl=1","contentUrl":"https:\/\/i0.wp.com\/tempelherrenorden.de\/cms\/wp-content\/uploads\/2018\/01\/OMCT-Wappen.jpg?fit=997%2C1198&ssl=1","width":997,"height":1198,"caption":"Deutscher Tempelherren-Orden OMCT e.V."},"image":{"@id":"https:\/\/tempelherrenorden.de\/cms\/#\/schema\/logo\/image\/"},"sameAs":["https:\/\/www.facebook.com\/Deutscher-Tempelherren-Orden-OMCT-2054469481490772\/"]}]}},"jetpack_shortlink":"https:\/\/wp.me\/P5yQvL-w8","jetpack_sharing_enabled":true,"_links":{"self":[{"href":"https:\/\/tempelherrenorden.de\/cms\/wp-json\/wp\/v2\/pages\/1992","targetHints":{"allow":["GET"]}}],"collection":[{"href":"https:\/\/tempelherrenorden.de\/cms\/wp-json\/wp\/v2\/pages"}],"about":[{"href":"https:\/\/tempelherrenorden.de\/cms\/wp-json\/wp\/v2\/types\/page"}],"author":[{"embeddable":true,"href":"https:\/\/tempelherrenorden.de\/cms\/wp-json\/wp\/v2\/users\/10"}],"replies":[{"embeddable":true,"href":"https:\/\/tempelherrenorden.de\/cms\/wp-json\/wp\/v2\/comments?post=1992"}],"version-history":[{"count":39,"href":"https:\/\/tempelherrenorden.de\/cms\/wp-json\/wp\/v2\/pages\/1992\/revisions"}],"predecessor-version":[{"id":4478,"href":"https:\/\/tempelherrenorden.de\/cms\/wp-json\/wp\/v2\/pages\/1992\/revisions\/4478"}],"up":[{"embeddable":true,"href":"https:\/\/tempelherrenorden.de\/cms\/wp-json\/wp\/v2\/pages\/1968"}],"wp:attachment":[{"href":"https:\/\/tempelherrenorden.de\/cms\/wp-json\/wp\/v2\/media?parent=1992"}],"curies":[{"name":"wp","href":"https:\/\/api.w.org\/{rel}","templated":true}]}}