{"id":4053,"date":"2020-12-01T14:49:54","date_gmt":"2020-12-01T13:49:54","guid":{"rendered":"https:\/\/tempelherrenorden.de\/cms\/?page_id=4053"},"modified":"2020-12-03T15:22:29","modified_gmt":"2020-12-03T14:22:29","slug":"spendenkonto","status":"publish","type":"page","link":"https:\/\/tempelherrenorden.de\/cms\/ordenscaritas\/spendenkonto\/","title":{"rendered":"Spendenkonto"},"content":{"rendered":"\n<h2 class=\"has-text-align-center wp-block-heading\">Spendenkonto:<\/h2>\n\n\n\n<p class=\"has-text-align-center wp-block-paragraph\"><strong>Deutscher Tempelherren-Orden OMCT e.V.<br \/>Sparda Bank Hannover<br \/>IBAN: DE45 2509 0500 0000 9226 50<\/strong><br \/><strong>BIC: GENODEF1S09<\/strong><\/p>\n\n\n\n<p class=\"has-text-align-center wp-block-paragraph\">\u00dcberweisungen auf unsere Spendenkonto, k\u00f6nnen wir Ihnen mit einer Spendenbescheinigung (Zuwendungsbescheinigung) best\u00e4tigen. Nehmen Sie hierzu Kontakt mit unserem <a href=\"mailto:Ordensschatzmeister@tempelherrenorden.de\">Ordensschatzmeister <\/a>auf.<\/p>\n\n\n\n<p class=\"has-text-align-center wp-block-paragraph\">F\u00fcr weitere Spendenm\u00f6glichkeiten klicken Sie bitte <a href=\"https:\/\/tempelherrenorden.de\/cms\/ordenscaritas\/moeglichkeiten-zu-spenden\/\">hier<\/a><\/p>\n","protected":false},"excerpt":{"rendered":"<p>Spendenkonto: Deutscher Tempelherren-Orden OMCT e.V.Sparda Bank HannoverIBAN: DE45 2509 0500 0000 9226 50BIC: GENODEF1S09 \u00dcberweisungen auf unsere Spendenkonto, k\u00f6nnen wir Ihnen mit einer Spendenbescheinigung (Zuwendungsbescheinigung) best\u00e4tigen. Nehmen Sie hierzu Kontakt mit unserem Ordensschatzmeister auf. F\u00fcr weitere Spendenm\u00f6glichkeiten klicken Sie bitte hier<\/p>\n<p> <a class=\"continue-reading-link\" href=\"https:\/\/tempelherrenorden.de\/cms\/ordenscaritas\/spendenkonto\/\"><span>Artikel lesen<\/span><i class=\"crycon-right-dir\"><\/i><\/a> <\/p>\n","protected":false},"author":10,"featured_media":0,"parent":977,"menu_order":2,"comment_status":"closed","ping_status":"closed","template":"templates\/template-onecolumn.php","meta":{"_crdt_document":"","footnotes":""},"class_list":["post-4053","page","type-page","status-publish","hentry"],"yoast_head":"<!-- This site is optimized with the Yoast SEO plugin v27.6 - https:\/\/yoast.com\/product\/yoast-seo-wordpress\/ -->\n<title>Spendenkonto &#8226; Deutscher Tempelherren-Orden &#8226;<\/title>\n<meta name=\"description\" content=\"Hier finden Sie das Spendenkonto des Deutschen Tempelherrenorden. Spenden werden zu 100% f\u00fcr karitative Projekte genutzt.\" \/>\n<meta name=\"robots\" content=\"index, follow, max-snippet:-1, max-image-preview:large, max-video-preview:-1\" \/>\n<link rel=\"canonical\" href=\"https:\/\/tempelherrenorden.de\/cms\/ordenscaritas\/spendenkonto\/\" \/>\n<meta property=\"og:locale\" content=\"de_DE\" \/>\n<meta property=\"og:type\" content=\"article\" \/>\n<meta property=\"og:title\" content=\"Spendenkonto &#8226; Deutscher Tempelherren-Orden &#8226;\" \/>\n<meta property=\"og:description\" content=\"Hier finden Sie das Spendenkonto des Deutschen Tempelherrenorden. Spenden werden zu 100% f\u00fcr karitative Projekte genutzt.\" \/>\n<meta property=\"og:url\" content=\"https:\/\/tempelherrenorden.de\/cms\/ordenscaritas\/spendenkonto\/\" \/>\n<meta property=\"og:site_name\" content=\"Deutscher Tempelherren-Orden\" \/>\n<meta property=\"article:publisher\" content=\"https:\/\/www.facebook.com\/Deutscher-Tempelherren-Orden-OMCT-2054469481490772\/\" \/>\n<meta property=\"article:modified_time\" content=\"2020-12-03T14:22:29+00:00\" \/>\n<meta name=\"twitter:card\" content=\"summary_large_image\" \/>\n<script type=\"application\/ld+json\" class=\"yoast-schema-graph\">{\"@context\":\"https:\\\/\\\/schema.org\",\"@graph\":[{\"@type\":\"WebPage\",\"@id\":\"https:\\\/\\\/tempelherrenorden.de\\\/cms\\\/ordenscaritas\\\/spendenkonto\\\/\",\"url\":\"https:\\\/\\\/tempelherrenorden.de\\\/cms\\\/ordenscaritas\\\/spendenkonto\\\/\",\"name\":\"Spendenkonto &#8226; Deutscher Tempelherren-Orden &#8226;\",\"isPartOf\":{\"@id\":\"https:\\\/\\\/tempelherrenorden.de\\\/cms\\\/#website\"},\"datePublished\":\"2020-12-01T13:49:54+00:00\",\"dateModified\":\"2020-12-03T14:22:29+00:00\",\"description\":\"Hier finden Sie das Spendenkonto des Deutschen Tempelherrenorden. Spenden werden zu 100% f\u00fcr karitative Projekte genutzt.\",\"breadcrumb\":{\"@id\":\"https:\\\/\\\/tempelherrenorden.de\\\/cms\\\/ordenscaritas\\\/spendenkonto\\\/#breadcrumb\"},\"inLanguage\":\"de\",\"potentialAction\":[{\"@type\":\"ReadAction\",\"target\":[\"https:\\\/\\\/tempelherrenorden.de\\\/cms\\\/ordenscaritas\\\/spendenkonto\\\/\"]}]},{\"@type\":\"BreadcrumbList\",\"@id\":\"https:\\\/\\\/tempelherrenorden.de\\\/cms\\\/ordenscaritas\\\/spendenkonto\\\/#breadcrumb\",\"itemListElement\":[{\"@type\":\"ListItem\",\"position\":1,\"name\":\"Startseite\",\"item\":\"https:\\\/\\\/tempelherrenorden.de\\\/cms\\\/\"},{\"@type\":\"ListItem\",\"position\":2,\"name\":\"Ordenscaritas\",\"item\":\"https:\\\/\\\/tempelherrenorden.de\\\/cms\\\/ordenscaritas\\\/\"},{\"@type\":\"ListItem\",\"position\":3,\"name\":\"Spendenkonto\"}]},{\"@type\":\"WebSite\",\"@id\":\"https:\\\/\\\/tempelherrenorden.de\\\/cms\\\/#website\",\"url\":\"https:\\\/\\\/tempelherrenorden.de\\\/cms\\\/\",\"name\":\"Deutscher Tempelherren-Orden\",\"description\":\"\",\"publisher\":{\"@id\":\"https:\\\/\\\/tempelherrenorden.de\\\/cms\\\/#organization\"},\"potentialAction\":[{\"@type\":\"SearchAction\",\"target\":{\"@type\":\"EntryPoint\",\"urlTemplate\":\"https:\\\/\\\/tempelherrenorden.de\\\/cms\\\/?s={search_term_string}\"},\"query-input\":{\"@type\":\"PropertyValueSpecification\",\"valueRequired\":true,\"valueName\":\"search_term_string\"}}],\"inLanguage\":\"de\"},{\"@type\":\"Organization\",\"@id\":\"https:\\\/\\\/tempelherrenorden.de\\\/cms\\\/#organization\",\"name\":\"Deutscher Tempelherren-Orden OMCT e.V.\",\"url\":\"https:\\\/\\\/tempelherrenorden.de\\\/cms\\\/\",\"logo\":{\"@type\":\"ImageObject\",\"inLanguage\":\"de\",\"@id\":\"https:\\\/\\\/tempelherrenorden.de\\\/cms\\\/#\\\/schema\\\/logo\\\/image\\\/\",\"url\":\"https:\\\/\\\/i0.wp.com\\\/tempelherrenorden.de\\\/cms\\\/wp-content\\\/uploads\\\/2018\\\/01\\\/OMCT-Wappen.jpg?fit=997%2C1198&ssl=1\",\"contentUrl\":\"https:\\\/\\\/i0.wp.com\\\/tempelherrenorden.de\\\/cms\\\/wp-content\\\/uploads\\\/2018\\\/01\\\/OMCT-Wappen.jpg?fit=997%2C1198&ssl=1\",\"width\":997,\"height\":1198,\"caption\":\"Deutscher Tempelherren-Orden OMCT e.V.\"},\"image\":{\"@id\":\"https:\\\/\\\/tempelherrenorden.de\\\/cms\\\/#\\\/schema\\\/logo\\\/image\\\/\"},\"sameAs\":[\"https:\\\/\\\/www.facebook.com\\\/Deutscher-Tempelherren-Orden-OMCT-2054469481490772\\\/\"]}]}<\/script>\n<!-- \/ Yoast SEO plugin. -->","yoast_head_json":{"title":"Spendenkonto &#8226; Deutscher Tempelherren-Orden &#8226;","description":"Hier finden Sie das Spendenkonto des Deutschen Tempelherrenorden. Spenden werden zu 100% f\u00fcr karitative Projekte genutzt.","robots":{"index":"index","follow":"follow","max-snippet":"max-snippet:-1","max-image-preview":"max-image-preview:large","max-video-preview":"max-video-preview:-1"},"canonical":"https:\/\/tempelherrenorden.de\/cms\/ordenscaritas\/spendenkonto\/","og_locale":"de_DE","og_type":"article","og_title":"Spendenkonto &#8226; Deutscher Tempelherren-Orden &#8226;","og_description":"Hier finden Sie das Spendenkonto des Deutschen Tempelherrenorden. Spenden werden zu 100% f\u00fcr karitative Projekte genutzt.","og_url":"https:\/\/tempelherrenorden.de\/cms\/ordenscaritas\/spendenkonto\/","og_site_name":"Deutscher Tempelherren-Orden","article_publisher":"https:\/\/www.facebook.com\/Deutscher-Tempelherren-Orden-OMCT-2054469481490772\/","article_modified_time":"2020-12-03T14:22:29+00:00","twitter_card":"summary_large_image","schema":{"@context":"https:\/\/schema.org","@graph":[{"@type":"WebPage","@id":"https:\/\/tempelherrenorden.de\/cms\/ordenscaritas\/spendenkonto\/","url":"https:\/\/tempelherrenorden.de\/cms\/ordenscaritas\/spendenkonto\/","name":"Spendenkonto &#8226; Deutscher Tempelherren-Orden &#8226;","isPartOf":{"@id":"https:\/\/tempelherrenorden.de\/cms\/#website"},"datePublished":"2020-12-01T13:49:54+00:00","dateModified":"2020-12-03T14:22:29+00:00","description":"Hier finden Sie das Spendenkonto des Deutschen Tempelherrenorden. Spenden werden zu 100% f\u00fcr karitative Projekte genutzt.","breadcrumb":{"@id":"https:\/\/tempelherrenorden.de\/cms\/ordenscaritas\/spendenkonto\/#breadcrumb"},"inLanguage":"de","potentialAction":[{"@type":"ReadAction","target":["https:\/\/tempelherrenorden.de\/cms\/ordenscaritas\/spendenkonto\/"]}]},{"@type":"BreadcrumbList","@id":"https:\/\/tempelherrenorden.de\/cms\/ordenscaritas\/spendenkonto\/#breadcrumb","itemListElement":[{"@type":"ListItem","position":1,"name":"Startseite","item":"https:\/\/tempelherrenorden.de\/cms\/"},{"@type":"ListItem","position":2,"name":"Ordenscaritas","item":"https:\/\/tempelherrenorden.de\/cms\/ordenscaritas\/"},{"@type":"ListItem","position":3,"name":"Spendenkonto"}]},{"@type":"WebSite","@id":"https:\/\/tempelherrenorden.de\/cms\/#website","url":"https:\/\/tempelherrenorden.de\/cms\/","name":"Deutscher Tempelherren-Orden","description":"","publisher":{"@id":"https:\/\/tempelherrenorden.de\/cms\/#organization"},"potentialAction":[{"@type":"SearchAction","target":{"@type":"EntryPoint","urlTemplate":"https:\/\/tempelherrenorden.de\/cms\/?s={search_term_string}"},"query-input":{"@type":"PropertyValueSpecification","valueRequired":true,"valueName":"search_term_string"}}],"inLanguage":"de"},{"@type":"Organization","@id":"https:\/\/tempelherrenorden.de\/cms\/#organization","name":"Deutscher Tempelherren-Orden OMCT e.V.","url":"https:\/\/tempelherrenorden.de\/cms\/","logo":{"@type":"ImageObject","inLanguage":"de","@id":"https:\/\/tempelherrenorden.de\/cms\/#\/schema\/logo\/image\/","url":"https:\/\/i0.wp.com\/tempelherrenorden.de\/cms\/wp-content\/uploads\/2018\/01\/OMCT-Wappen.jpg?fit=997%2C1198&ssl=1","contentUrl":"https:\/\/i0.wp.com\/tempelherrenorden.de\/cms\/wp-content\/uploads\/2018\/01\/OMCT-Wappen.jpg?fit=997%2C1198&ssl=1","width":997,"height":1198,"caption":"Deutscher Tempelherren-Orden OMCT e.V."},"image":{"@id":"https:\/\/tempelherrenorden.de\/cms\/#\/schema\/logo\/image\/"},"sameAs":["https:\/\/www.facebook.com\/Deutscher-Tempelherren-Orden-OMCT-2054469481490772\/"]}]}},"jetpack_shortlink":"https:\/\/wp.me\/P5yQvL-13n","jetpack_sharing_enabled":true,"_links":{"self":[{"href":"https:\/\/tempelherrenorden.de\/cms\/wp-json\/wp\/v2\/pages\/4053","targetHints":{"allow":["GET"]}}],"collection":[{"href":"https:\/\/tempelherrenorden.de\/cms\/wp-json\/wp\/v2\/pages"}],"about":[{"href":"https:\/\/tempelherrenorden.de\/cms\/wp-json\/wp\/v2\/types\/page"}],"author":[{"embeddable":true,"href":"https:\/\/tempelherrenorden.de\/cms\/wp-json\/wp\/v2\/users\/10"}],"replies":[{"embeddable":true,"href":"https:\/\/tempelherrenorden.de\/cms\/wp-json\/wp\/v2\/comments?post=4053"}],"version-history":[{"count":1,"href":"https:\/\/tempelherrenorden.de\/cms\/wp-json\/wp\/v2\/pages\/4053\/revisions"}],"predecessor-version":[{"id":4054,"href":"https:\/\/tempelherrenorden.de\/cms\/wp-json\/wp\/v2\/pages\/4053\/revisions\/4054"}],"up":[{"embeddable":true,"href":"https:\/\/tempelherrenorden.de\/cms\/wp-json\/wp\/v2\/pages\/977"}],"wp:attachment":[{"href":"https:\/\/tempelherrenorden.de\/cms\/wp-json\/wp\/v2\/media?parent=4053"}],"curies":[{"name":"wp","href":"https:\/\/api.w.org\/{rel}","templated":true}]}}