{"id":977,"date":"2016-03-25T21:43:50","date_gmt":"2016-03-25T19:43:50","guid":{"rendered":"http:\/\/tempelherrenorden.de\/cms\/?page_id=977"},"modified":"2020-11-30T20:16:18","modified_gmt":"2020-11-30T19:16:18","slug":"ordenscaritas","status":"publish","type":"page","link":"https:\/\/tempelherrenorden.de\/cms\/ordenscaritas\/","title":{"rendered":"Ordenscaritas"},"content":{"rendered":"\n<h2 class=\"wp-block-heading\">Ordenscaritas<\/h2>\n\n\n\n<div class=\"wp-block-image\"><figure class=\"alignright size-large\"><img data-recalc-dims=\"1\" loading=\"lazy\" decoding=\"async\" width=\"467\" height=\"442\" data-attachment-id=\"1935\" data-permalink=\"https:\/\/tempelherrenorden.de\/cms\/ordenscaritas\/templersiegel\/\" data-orig-file=\"https:\/\/i0.wp.com\/tempelherrenorden.de\/cms\/wp-content\/uploads\/2017\/12\/Templersiegel.jpg?fit=467%2C442&amp;ssl=1\" data-orig-size=\"467,442\" data-comments-opened=\"0\" data-image-meta=\"{&quot;aperture&quot;:&quot;0&quot;,&quot;credit&quot;:&quot;&quot;,&quot;camera&quot;:&quot;&quot;,&quot;caption&quot;:&quot;&quot;,&quot;created_timestamp&quot;:&quot;0&quot;,&quot;copyright&quot;:&quot;&quot;,&quot;focal_length&quot;:&quot;0&quot;,&quot;iso&quot;:&quot;0&quot;,&quot;shutter_speed&quot;:&quot;0&quot;,&quot;title&quot;:&quot;&quot;,&quot;orientation&quot;:&quot;0&quot;}\" data-image-title=\"Templersiegel\" data-image-description=\"&lt;p&gt;Lizenz: Creative Commons&lt;br \/&gt;\nhttps:\/\/commons.wikimedia.org\/wiki\/File:Sigillotemplare.jpg&lt;\/p&gt;\n\" data-image-caption=\"\" data-large-file=\"https:\/\/i0.wp.com\/tempelherrenorden.de\/cms\/wp-content\/uploads\/2017\/12\/Templersiegel.jpg?fit=467%2C442&amp;ssl=1\" src=\"https:\/\/i0.wp.com\/tempelherrenorden.de\/cms\/wp-content\/uploads\/2017\/12\/Templersiegel.jpg?resize=467%2C442&#038;ssl=1\" alt=\"\" class=\"wp-image-1935\" srcset=\"https:\/\/i0.wp.com\/tempelherrenorden.de\/cms\/wp-content\/uploads\/2017\/12\/Templersiegel.jpg?w=467&amp;ssl=1 467w, https:\/\/i0.wp.com\/tempelherrenorden.de\/cms\/wp-content\/uploads\/2017\/12\/Templersiegel.jpg?resize=300%2C284&amp;ssl=1 300w, https:\/\/i0.wp.com\/tempelherrenorden.de\/cms\/wp-content\/uploads\/2017\/12\/Templersiegel.jpg?resize=158%2C150&amp;ssl=1 158w, https:\/\/i0.wp.com\/tempelherrenorden.de\/cms\/wp-content\/uploads\/2017\/12\/Templersiegel.jpg?resize=150%2C142&amp;ssl=1 150w\" sizes=\"auto, (max-width: 467px) 100vw, 467px\" \/><figcaption>Symbol der Templer: Zwei Ritter gemeinsam auf einem Pferd. Ein Zeichen f\u00fcr den Zusammenhalt.<\/figcaption><\/figure><\/div>\n\n\n\n<p class=\"wp-block-paragraph\">Caritas ist Latein und bedeutet \u00fcbersetzt in Deutsche: N\u00e4chstenliebe beziehungsweise Wohlt\u00e4tigkeit. Der historische Orden der Tempelritter wurde unter anderem f\u00fcr den Schutz der Pilger im heiligen Land gegr\u00fcndet. Schon fr\u00fch hat der Orden dann auch die Versorgung von Armen sowohl im heiligen Land als auch in der Heimat \u00fcbernommen. Insbesondere die Speisung von Armen stand dabei im Vordergrund. Sp\u00e4ter haben sich die Ordensmitglieder und Affiliierte in den Niederlassungen, den Komtureien um Arme, Kranke, Frauen und Kinder gek\u00fcmmert. In dieser Tradition setzt sich auch unser moderner Orden f\u00fcr die Versorgung von Benachteiligten ein. Au\u00dferdem unterst\u00fctzen wir die \u00d6kumene und f\u00f6rdern Bildungsprojekte.<\/p>\n\n\n\n<h2 class=\"wp-block-heading\">Voraussetzung f\u00fcr Spendenprojekte<\/h2>\n\n\n\n<ul class=\"wp-block-list\"><li><strong>Der direkte Kontakt zu den Hilfsbed\u00fcrftigen durch den Orden muss gegeben sein. <\/strong><\/li><li><strong>Wir f\u00f6rdern ausschlie\u00dflich Kleinprojekte, die von den gro\u00dfen Hilfsorganisationen nicht ber\u00fccksichtigt werden.<\/strong><\/li><li><strong>Die Projekte sollten einen Bezug zu den historischen Auf\u00adgaben des Ordens haben:<\/strong><ul><li><strong>Engagement f\u00fcr Arme und Hilfsbed\u00fcrftige<\/strong><\/li><li><strong>Einsatz f\u00fcr hilfs- und schutzbed\u00fcrftige Frauen und Kinder<\/strong><\/li><li><strong>St\u00e4rkung der Christen im Heiligen Land<\/strong><\/li><li><strong>Solidarit\u00e4t mit verfolgten und bedr\u00e4ngten Christen<\/strong><\/li><\/ul><\/li><li><strong>Wir setzen uns auch f\u00fcr Projekte ein die:<\/strong><ul><li><strong> dem Wiederaufbau nach kriegerischen Auseinanderset\u00adzungen dienen<\/strong><\/li><li><strong> zur Auss\u00f6hnung und zum friedlichen Zusammenleben nach Spannungen und Kriegen f\u00fchren<\/strong>  <\/li><\/ul><\/li><\/ul>\n\n\n\n<p class=\"wp-block-paragraph\">Wenn Sie uns im Rahmen einer Spende oder \u00fcber Charity-Shopping unterst\u00fctzen m\u00f6chten, dann k\u00f6nnen Sie sich <a href=\"https:\/\/tempelherrenorden.de\/cms\/ordenscaritas\/moeglichkeiten-zu-spenden\/\">hier <\/a>informieren oder das Spendenformular direkt \u00fcber den Button &#8222;Jetzt Spenden&#8220; (oben rechts auf der Seite) aufrufen.<\/p>\n","protected":false},"excerpt":{"rendered":"<p>Ordenscaritas Caritas ist Latein und bedeutet \u00fcbersetzt in Deutsche: N\u00e4chstenliebe beziehungsweise Wohlt\u00e4tigkeit. Der historische Orden der Tempelritter wurde unter anderem f\u00fcr den Schutz der Pilger im heiligen Land gegr\u00fcndet. Schon fr\u00fch hat der Orden dann auch die Versorgung von Armen sowohl im heiligen Land als auch in der Heimat \u00fcbernommen.\u2026<\/p>\n<p> <a class=\"continue-reading-link\" href=\"https:\/\/tempelherrenorden.de\/cms\/ordenscaritas\/\"><span>Artikel lesen<\/span><i class=\"crycon-right-dir\"><\/i><\/a> <\/p>\n","protected":false},"author":10,"featured_media":0,"parent":0,"menu_order":4,"comment_status":"closed","ping_status":"closed","template":"templates\/template-onecolumn.php","meta":{"_crdt_document":"","jetpack_post_was_ever_published":false,"footnotes":""},"class_list":["post-977","page","type-page","status-publish","hentry"],"yoast_head":"<!-- This site is optimized with the Yoast SEO plugin v27.4 - https:\/\/yoast.com\/product\/yoast-seo-wordpress\/ -->\n<title>Ordenscaritas &#8226; Deutscher Tempelherren-Orden<\/title>\n<meta name=\"robots\" content=\"index, follow, max-snippet:-1, max-image-preview:large, max-video-preview:-1\" \/>\n<link rel=\"canonical\" href=\"https:\/\/tempelherrenorden.de\/cms\/ordenscaritas\/\" \/>\n<meta property=\"og:locale\" content=\"de_DE\" \/>\n<meta property=\"og:type\" content=\"article\" \/>\n<meta property=\"og:title\" content=\"Ordenscaritas &#8226; Deutscher Tempelherren-Orden\" \/>\n<meta property=\"og:description\" content=\"Ordenscaritas Caritas ist Latein und bedeutet \u00fcbersetzt in Deutsche: N\u00e4chstenliebe beziehungsweise Wohlt\u00e4tigkeit. Der historische Orden der Tempelritter wurde unter anderem f\u00fcr den Schutz der Pilger im heiligen Land gegr\u00fcndet. Schon fr\u00fch hat der Orden dann auch die Versorgung von Armen sowohl im heiligen Land als auch in der Heimat \u00fcbernommen.\u2026 Artikel lesen\" \/>\n<meta property=\"og:url\" content=\"https:\/\/tempelherrenorden.de\/cms\/ordenscaritas\/\" \/>\n<meta property=\"og:site_name\" content=\"Deutscher Tempelherren-Orden\" \/>\n<meta property=\"article:publisher\" content=\"https:\/\/www.facebook.com\/Deutscher-Tempelherren-Orden-OMCT-2054469481490772\/\" \/>\n<meta property=\"article:modified_time\" content=\"2020-11-30T19:16:18+00:00\" \/>\n<meta property=\"og:image\" content=\"https:\/\/tempelherrenorden.de\/cms\/wp-content\/uploads\/2017\/12\/Templersiegel.jpg\" \/>\n<meta name=\"twitter:card\" content=\"summary_large_image\" \/>\n<meta name=\"twitter:label1\" content=\"Gesch\u00e4tzte Lesezeit\" \/>\n\t<meta name=\"twitter:data1\" content=\"1\u00a0Minute\" \/>\n<script type=\"application\/ld+json\" class=\"yoast-schema-graph\">{\"@context\":\"https:\\\/\\\/schema.org\",\"@graph\":[{\"@type\":\"WebPage\",\"@id\":\"https:\\\/\\\/tempelherrenorden.de\\\/cms\\\/ordenscaritas\\\/\",\"url\":\"https:\\\/\\\/tempelherrenorden.de\\\/cms\\\/ordenscaritas\\\/\",\"name\":\"Ordenscaritas &#8226; Deutscher Tempelherren-Orden\",\"isPartOf\":{\"@id\":\"https:\\\/\\\/tempelherrenorden.de\\\/cms\\\/#website\"},\"primaryImageOfPage\":{\"@id\":\"https:\\\/\\\/tempelherrenorden.de\\\/cms\\\/ordenscaritas\\\/#primaryimage\"},\"image\":{\"@id\":\"https:\\\/\\\/tempelherrenorden.de\\\/cms\\\/ordenscaritas\\\/#primaryimage\"},\"thumbnailUrl\":\"https:\\\/\\\/tempelherrenorden.de\\\/cms\\\/wp-content\\\/uploads\\\/2017\\\/12\\\/Templersiegel.jpg\",\"datePublished\":\"2016-03-25T19:43:50+00:00\",\"dateModified\":\"2020-11-30T19:16:18+00:00\",\"breadcrumb\":{\"@id\":\"https:\\\/\\\/tempelherrenorden.de\\\/cms\\\/ordenscaritas\\\/#breadcrumb\"},\"inLanguage\":\"de\",\"potentialAction\":[{\"@type\":\"ReadAction\",\"target\":[\"https:\\\/\\\/tempelherrenorden.de\\\/cms\\\/ordenscaritas\\\/\"]}]},{\"@type\":\"ImageObject\",\"inLanguage\":\"de\",\"@id\":\"https:\\\/\\\/tempelherrenorden.de\\\/cms\\\/ordenscaritas\\\/#primaryimage\",\"url\":\"https:\\\/\\\/i0.wp.com\\\/tempelherrenorden.de\\\/cms\\\/wp-content\\\/uploads\\\/2017\\\/12\\\/Templersiegel.jpg?fit=467%2C442&ssl=1\",\"contentUrl\":\"https:\\\/\\\/i0.wp.com\\\/tempelherrenorden.de\\\/cms\\\/wp-content\\\/uploads\\\/2017\\\/12\\\/Templersiegel.jpg?fit=467%2C442&ssl=1\",\"width\":467,\"height\":442},{\"@type\":\"BreadcrumbList\",\"@id\":\"https:\\\/\\\/tempelherrenorden.de\\\/cms\\\/ordenscaritas\\\/#breadcrumb\",\"itemListElement\":[{\"@type\":\"ListItem\",\"position\":1,\"name\":\"Startseite\",\"item\":\"https:\\\/\\\/tempelherrenorden.de\\\/cms\\\/\"},{\"@type\":\"ListItem\",\"position\":2,\"name\":\"Ordenscaritas\"}]},{\"@type\":\"WebSite\",\"@id\":\"https:\\\/\\\/tempelherrenorden.de\\\/cms\\\/#website\",\"url\":\"https:\\\/\\\/tempelherrenorden.de\\\/cms\\\/\",\"name\":\"Deutscher Tempelherren-Orden\",\"description\":\"\",\"publisher\":{\"@id\":\"https:\\\/\\\/tempelherrenorden.de\\\/cms\\\/#organization\"},\"potentialAction\":[{\"@type\":\"SearchAction\",\"target\":{\"@type\":\"EntryPoint\",\"urlTemplate\":\"https:\\\/\\\/tempelherrenorden.de\\\/cms\\\/?s={search_term_string}\"},\"query-input\":{\"@type\":\"PropertyValueSpecification\",\"valueRequired\":true,\"valueName\":\"search_term_string\"}}],\"inLanguage\":\"de\"},{\"@type\":\"Organization\",\"@id\":\"https:\\\/\\\/tempelherrenorden.de\\\/cms\\\/#organization\",\"name\":\"Deutscher Tempelherren-Orden OMCT e.V.\",\"url\":\"https:\\\/\\\/tempelherrenorden.de\\\/cms\\\/\",\"logo\":{\"@type\":\"ImageObject\",\"inLanguage\":\"de\",\"@id\":\"https:\\\/\\\/tempelherrenorden.de\\\/cms\\\/#\\\/schema\\\/logo\\\/image\\\/\",\"url\":\"https:\\\/\\\/i0.wp.com\\\/tempelherrenorden.de\\\/cms\\\/wp-content\\\/uploads\\\/2018\\\/01\\\/OMCT-Wappen.jpg?fit=997%2C1198&ssl=1\",\"contentUrl\":\"https:\\\/\\\/i0.wp.com\\\/tempelherrenorden.de\\\/cms\\\/wp-content\\\/uploads\\\/2018\\\/01\\\/OMCT-Wappen.jpg?fit=997%2C1198&ssl=1\",\"width\":997,\"height\":1198,\"caption\":\"Deutscher Tempelherren-Orden OMCT e.V.\"},\"image\":{\"@id\":\"https:\\\/\\\/tempelherrenorden.de\\\/cms\\\/#\\\/schema\\\/logo\\\/image\\\/\"},\"sameAs\":[\"https:\\\/\\\/www.facebook.com\\\/Deutscher-Tempelherren-Orden-OMCT-2054469481490772\\\/\"]}]}<\/script>\n<!-- \/ Yoast SEO plugin. -->","yoast_head_json":{"title":"Ordenscaritas &#8226; Deutscher Tempelherren-Orden","robots":{"index":"index","follow":"follow","max-snippet":"max-snippet:-1","max-image-preview":"max-image-preview:large","max-video-preview":"max-video-preview:-1"},"canonical":"https:\/\/tempelherrenorden.de\/cms\/ordenscaritas\/","og_locale":"de_DE","og_type":"article","og_title":"Ordenscaritas &#8226; Deutscher Tempelherren-Orden","og_description":"Ordenscaritas Caritas ist Latein und bedeutet \u00fcbersetzt in Deutsche: N\u00e4chstenliebe beziehungsweise Wohlt\u00e4tigkeit. Der historische Orden der Tempelritter wurde unter anderem f\u00fcr den Schutz der Pilger im heiligen Land gegr\u00fcndet. Schon fr\u00fch hat der Orden dann auch die Versorgung von Armen sowohl im heiligen Land als auch in der Heimat \u00fcbernommen.\u2026 Artikel lesen","og_url":"https:\/\/tempelherrenorden.de\/cms\/ordenscaritas\/","og_site_name":"Deutscher Tempelherren-Orden","article_publisher":"https:\/\/www.facebook.com\/Deutscher-Tempelherren-Orden-OMCT-2054469481490772\/","article_modified_time":"2020-11-30T19:16:18+00:00","og_image":[{"url":"https:\/\/tempelherrenorden.de\/cms\/wp-content\/uploads\/2017\/12\/Templersiegel.jpg","type":"","width":"","height":""}],"twitter_card":"summary_large_image","twitter_misc":{"Gesch\u00e4tzte Lesezeit":"1\u00a0Minute"},"schema":{"@context":"https:\/\/schema.org","@graph":[{"@type":"WebPage","@id":"https:\/\/tempelherrenorden.de\/cms\/ordenscaritas\/","url":"https:\/\/tempelherrenorden.de\/cms\/ordenscaritas\/","name":"Ordenscaritas &#8226; Deutscher Tempelherren-Orden","isPartOf":{"@id":"https:\/\/tempelherrenorden.de\/cms\/#website"},"primaryImageOfPage":{"@id":"https:\/\/tempelherrenorden.de\/cms\/ordenscaritas\/#primaryimage"},"image":{"@id":"https:\/\/tempelherrenorden.de\/cms\/ordenscaritas\/#primaryimage"},"thumbnailUrl":"https:\/\/tempelherrenorden.de\/cms\/wp-content\/uploads\/2017\/12\/Templersiegel.jpg","datePublished":"2016-03-25T19:43:50+00:00","dateModified":"2020-11-30T19:16:18+00:00","breadcrumb":{"@id":"https:\/\/tempelherrenorden.de\/cms\/ordenscaritas\/#breadcrumb"},"inLanguage":"de","potentialAction":[{"@type":"ReadAction","target":["https:\/\/tempelherrenorden.de\/cms\/ordenscaritas\/"]}]},{"@type":"ImageObject","inLanguage":"de","@id":"https:\/\/tempelherrenorden.de\/cms\/ordenscaritas\/#primaryimage","url":"https:\/\/i0.wp.com\/tempelherrenorden.de\/cms\/wp-content\/uploads\/2017\/12\/Templersiegel.jpg?fit=467%2C442&ssl=1","contentUrl":"https:\/\/i0.wp.com\/tempelherrenorden.de\/cms\/wp-content\/uploads\/2017\/12\/Templersiegel.jpg?fit=467%2C442&ssl=1","width":467,"height":442},{"@type":"BreadcrumbList","@id":"https:\/\/tempelherrenorden.de\/cms\/ordenscaritas\/#breadcrumb","itemListElement":[{"@type":"ListItem","position":1,"name":"Startseite","item":"https:\/\/tempelherrenorden.de\/cms\/"},{"@type":"ListItem","position":2,"name":"Ordenscaritas"}]},{"@type":"WebSite","@id":"https:\/\/tempelherrenorden.de\/cms\/#website","url":"https:\/\/tempelherrenorden.de\/cms\/","name":"Deutscher Tempelherren-Orden","description":"","publisher":{"@id":"https:\/\/tempelherrenorden.de\/cms\/#organization"},"potentialAction":[{"@type":"SearchAction","target":{"@type":"EntryPoint","urlTemplate":"https:\/\/tempelherrenorden.de\/cms\/?s={search_term_string}"},"query-input":{"@type":"PropertyValueSpecification","valueRequired":true,"valueName":"search_term_string"}}],"inLanguage":"de"},{"@type":"Organization","@id":"https:\/\/tempelherrenorden.de\/cms\/#organization","name":"Deutscher Tempelherren-Orden OMCT e.V.","url":"https:\/\/tempelherrenorden.de\/cms\/","logo":{"@type":"ImageObject","inLanguage":"de","@id":"https:\/\/tempelherrenorden.de\/cms\/#\/schema\/logo\/image\/","url":"https:\/\/i0.wp.com\/tempelherrenorden.de\/cms\/wp-content\/uploads\/2018\/01\/OMCT-Wappen.jpg?fit=997%2C1198&ssl=1","contentUrl":"https:\/\/i0.wp.com\/tempelherrenorden.de\/cms\/wp-content\/uploads\/2018\/01\/OMCT-Wappen.jpg?fit=997%2C1198&ssl=1","width":997,"height":1198,"caption":"Deutscher Tempelherren-Orden OMCT e.V."},"image":{"@id":"https:\/\/tempelherrenorden.de\/cms\/#\/schema\/logo\/image\/"},"sameAs":["https:\/\/www.facebook.com\/Deutscher-Tempelherren-Orden-OMCT-2054469481490772\/"]}]}},"jetpack_shortlink":"https:\/\/wp.me\/P5yQvL-fL","jetpack_sharing_enabled":true,"_links":{"self":[{"href":"https:\/\/tempelherrenorden.de\/cms\/wp-json\/wp\/v2\/pages\/977","targetHints":{"allow":["GET"]}}],"collection":[{"href":"https:\/\/tempelherrenorden.de\/cms\/wp-json\/wp\/v2\/pages"}],"about":[{"href":"https:\/\/tempelherrenorden.de\/cms\/wp-json\/wp\/v2\/types\/page"}],"author":[{"embeddable":true,"href":"https:\/\/tempelherrenorden.de\/cms\/wp-json\/wp\/v2\/users\/10"}],"replies":[{"embeddable":true,"href":"https:\/\/tempelherrenorden.de\/cms\/wp-json\/wp\/v2\/comments?post=977"}],"version-history":[{"count":68,"href":"https:\/\/tempelherrenorden.de\/cms\/wp-json\/wp\/v2\/pages\/977\/revisions"}],"predecessor-version":[{"id":4025,"href":"https:\/\/tempelherrenorden.de\/cms\/wp-json\/wp\/v2\/pages\/977\/revisions\/4025"}],"wp:attachment":[{"href":"https:\/\/tempelherrenorden.de\/cms\/wp-json\/wp\/v2\/media?parent=977"}],"curies":[{"name":"wp","href":"https:\/\/api.w.org\/{rel}","templated":true}]}}